{"id":6403,"date":"2023-04-07T08:47:42","date_gmt":"2023-04-07T06:47:42","guid":{"rendered":"https:\/\/bravermantest.com\/sobre\/"},"modified":"2024-12-29T21:31:02","modified_gmt":"2024-12-29T20:31:02","slug":"sobre","status":"publish","type":"page","link":"https:\/\/bravermantest.com\/pt-pt\/sobre\/","title":{"rendered":"Sobre"},"content":{"rendered":"\t\t<div data-elementor-type=\"wp-page\" data-elementor-id=\"6403\" class=\"elementor elementor-6403 elementor-748\" data-elementor-post-type=\"page\">\n\t\t\t\t\t\t<section class=\"elementor-section elementor-top-section elementor-element elementor-element-eaff33e elementor-section-boxed elementor-section-height-default elementor-section-height-default wpr-particle-no wpr-jarallax-no wpr-sticky-section-no\" data-id=\"eaff33e\" data-element_type=\"section\" data-e-type=\"section\">\n\t\t\t\t\t\t\t<div class=\"elementor-background-overlay\"><\/div>\n\t\t\t\t\t\t\t<div class=\"elementor-container elementor-column-gap-default\">\n\t\t\t\t\t<div class=\"elementor-column elementor-col-100 elementor-top-column elementor-element elementor-element-c932e84\" data-id=\"c932e84\" data-element_type=\"column\" data-e-type=\"column\">\n\t\t\t<div class=\"elementor-widget-wrap elementor-element-populated\">\n\t\t\t\t\t\t<div class=\"elementor-element elementor-element-c83b07e elementor-widget elementor-widget-heading\" data-id=\"c83b07e\" data-element_type=\"widget\" data-e-type=\"widget\" data-widget_type=\"heading.default\">\n\t\t\t\t<div class=\"elementor-widget-container\">\n\t\t\t\t\t<h2 class=\"elementor-heading-title elementor-size-default\">Sobre n\u00f3s<\/h2>\t\t\t\t<\/div>\n\t\t\t\t<\/div>\n\t\t\t\t\t<\/div>\n\t\t<\/div>\n\t\t\t\t\t<\/div>\n\t\t<\/section>\n\t\t\t\t<section class=\"elementor-section elementor-top-section elementor-element elementor-element-97e2d39 elementor-section-boxed elementor-section-height-default elementor-section-height-default wpr-particle-no wpr-jarallax-no wpr-parallax-no wpr-sticky-section-no\" data-id=\"97e2d39\" data-element_type=\"section\" data-e-type=\"section\">\n\t\t\t\t\t\t<div class=\"elementor-container elementor-column-gap-wide\">\n\t\t\t\t\t<div class=\"elementor-column elementor-col-100 elementor-top-column elementor-element elementor-element-2d358bf elementor-invisible\" data-id=\"2d358bf\" data-element_type=\"column\" data-e-type=\"column\" data-settings=\"{&quot;background_background&quot;:&quot;classic&quot;,&quot;animation&quot;:&quot;slideInLeft&quot;}\">\n\t\t\t<div class=\"elementor-widget-wrap elementor-element-populated\">\n\t\t\t\t\t\t<div class=\"elementor-element elementor-element-012a904 elementor-widget elementor-widget-text-editor\" data-id=\"012a904\" data-element_type=\"widget\" data-e-type=\"widget\" data-widget_type=\"text-editor.default\">\n\t\t\t\t<div class=\"elementor-widget-container\">\n\t\t\t\t\t\t\t\t\t<h2>Avaliar a medicina integrativa correta para si.<\/h2>\n<p>Descubra uma abordagem mais hol\u00edstica para a cura no Braverman Test. As nossas solu\u00e7\u00f5es personalizadas de cuidados de sa\u00fade abordam as causas profundas e n\u00e3o apenas os sintomas. Experimente os benef\u00edcios da medicina integrativa hoje mesmo.  <\/p>\n\t\t\t\t\t\t\t\t<\/div>\n\t\t\t\t<\/div>\n\t\t\t\t\t<\/div>\n\t\t<\/div>\n\t\t\t\t\t<\/div>\n\t\t<\/section>\n\t\t\t\t<section class=\"elementor-section elementor-top-section elementor-element elementor-element-4f6edf0 elementor-section-boxed elementor-section-height-default elementor-section-height-default wpr-particle-no wpr-jarallax-no wpr-parallax-no wpr-sticky-section-no\" data-id=\"4f6edf0\" data-element_type=\"section\" data-e-type=\"section\">\n\t\t\t\t\t\t<div class=\"elementor-container elementor-column-gap-wide\">\n\t\t\t\t\t<div class=\"elementor-column elementor-col-50 elementor-top-column elementor-element elementor-element-47bdcad\" data-id=\"47bdcad\" data-element_type=\"column\" data-e-type=\"column\">\n\t\t\t<div class=\"elementor-widget-wrap elementor-element-populated\">\n\t\t\t\t\t\t<div class=\"elementor-element elementor-element-b43985f elementor-widget elementor-widget-image\" data-id=\"b43985f\" data-element_type=\"widget\" data-e-type=\"widget\" data-widget_type=\"image.default\">\n\t\t\t\t<div class=\"elementor-widget-container\">\n\t\t\t\t\t\t\t\t\t\t\t\t\t\t\t<img fetchpriority=\"high\" decoding=\"async\" width=\"960\" height=\"719\" src=\"https:\/\/bravermantest.com\/wp-content\/uploads\/2024\/04\/about_2-scaled-1-1024x767.jpg\" class=\"attachment-large size-large wp-image-6413\" alt=\"\" srcset=\"https:\/\/bravermantest.com\/wp-content\/uploads\/2024\/04\/about_2-scaled-1-1024x767.jpg 1024w, https:\/\/bravermantest.com\/wp-content\/uploads\/2024\/04\/about_2-scaled-1-300x225.jpg 300w, https:\/\/bravermantest.com\/wp-content\/uploads\/2024\/04\/about_2-scaled-1-768x575.jpg 768w, https:\/\/bravermantest.com\/wp-content\/uploads\/2024\/04\/about_2-scaled-1-1536x1151.jpg 1536w, https:\/\/bravermantest.com\/wp-content\/uploads\/2024\/04\/about_2-scaled-1-2048x1534.jpg 2048w\" sizes=\"(max-width: 960px) 100vw, 960px\" \/>\t\t\t\t\t\t\t\t\t\t\t\t\t\t\t<\/div>\n\t\t\t\t<\/div>\n\t\t\t\t\t<\/div>\n\t\t<\/div>\n\t\t\t\t<div class=\"elementor-column elementor-col-50 elementor-top-column elementor-element elementor-element-634ef68 elementor-invisible\" data-id=\"634ef68\" data-element_type=\"column\" data-e-type=\"column\" data-settings=\"{&quot;background_background&quot;:&quot;classic&quot;,&quot;animation&quot;:&quot;slideInRight&quot;}\">\n\t\t\t<div class=\"elementor-widget-wrap elementor-element-populated\">\n\t\t\t\t\t\t<div class=\"elementor-element elementor-element-e1acdc5 elementor-widget elementor-widget-text-editor\" data-id=\"e1acdc5\" data-element_type=\"widget\" data-e-type=\"widget\" data-widget_type=\"text-editor.default\">\n\t\t\t\t<div class=\"elementor-widget-container\">\n\t\t\t\t\t\t\t\t\t\n<h2>Ideias da nossa avalia\u00e7\u00e3o.<\/h2>\n\n\nOferecemos o Teste de Braverman, que avalia os n\u00edveis de neurotransmissores no c\u00e9rebro. Avalia desequil\u00edbrios nos n\u00edveis de dopamina, serotonina, GABA e acetilcolina para ajudar a identificar factores que contribuem para dist\u00farbios de humor, problemas cognitivos e dor cr\u00f3nica. \n\n\t\t\t\t\t\t\t\t<\/div>\n\t\t\t\t<\/div>\n\t\t\t\t\t<\/div>\n\t\t<\/div>\n\t\t\t\t\t<\/div>\n\t\t<\/section>\n\t\t\t\t<section class=\"elementor-section elementor-top-section elementor-element elementor-element-af88a70 elementor-section-boxed elementor-section-height-default elementor-section-height-default wpr-particle-no wpr-jarallax-no wpr-parallax-no wpr-sticky-section-no\" data-id=\"af88a70\" data-element_type=\"section\" data-e-type=\"section\">\n\t\t\t\t\t\t<div class=\"elementor-container elementor-column-gap-wide\">\n\t\t\t\t\t<div class=\"elementor-column elementor-col-100 elementor-top-column elementor-element elementor-element-1331fe9 elementor-invisible\" data-id=\"1331fe9\" data-element_type=\"column\" data-e-type=\"column\" data-settings=\"{&quot;background_background&quot;:&quot;classic&quot;,&quot;animation&quot;:&quot;slideInLeft&quot;}\">\n\t\t\t<div class=\"elementor-widget-wrap elementor-element-populated\">\n\t\t\t\t\t\t<div class=\"elementor-element elementor-element-fdbb04a elementor-widget elementor-widget-text-editor\" data-id=\"fdbb04a\" data-element_type=\"widget\" data-e-type=\"widget\" data-widget_type=\"text-editor.default\">\n\t\t\t\t<div class=\"elementor-widget-container\">\n\t\t\t\t\t\t\t\t\t\n<h2>Como \u00e9 que isto o ajudar\u00e1 na sua jornada de cuidados de sa\u00fade.<\/h2>\n\nDamos prioridade \u00e0 educa\u00e7\u00e3o e capacita\u00e7\u00e3o do paciente, explicando os resultados dos testes e as op\u00e7\u00f5es de tratamento para uma participa\u00e7\u00e3o ativa do paciente. Procure al\u00edvio para doen\u00e7as cr\u00f3nicas ou optimize a sua sa\u00fade e desempenho connosco. \n\n\t\t\t\t\t\t\t\t<\/div>\n\t\t\t\t<\/div>\n\t\t\t\t\t<\/div>\n\t\t<\/div>\n\t\t\t\t\t<\/div>\n\t\t<\/section>\n\t\t\t\t<section class=\"elementor-section elementor-top-section elementor-element elementor-element-d6b2a9d elementor-reverse-tablet elementor-reverse-mobile elementor-section-boxed elementor-section-height-default elementor-section-height-default wpr-particle-no wpr-jarallax-no wpr-parallax-no wpr-sticky-section-no\" data-id=\"d6b2a9d\" data-element_type=\"section\" data-e-type=\"section\">\n\t\t\t\t\t\t<div class=\"elementor-container elementor-column-gap-wide\">\n\t\t\t\t\t<div class=\"elementor-column elementor-col-50 elementor-top-column elementor-element elementor-element-14950e9 elementor-invisible\" data-id=\"14950e9\" data-element_type=\"column\" data-e-type=\"column\" data-settings=\"{&quot;background_background&quot;:&quot;classic&quot;,&quot;animation&quot;:&quot;slideInRight&quot;}\">\n\t\t\t<div class=\"elementor-widget-wrap elementor-element-populated\">\n\t\t\t\t\t\t<div class=\"elementor-element elementor-element-1954d28 elementor-widget elementor-widget-text-editor\" data-id=\"1954d28\" data-element_type=\"widget\" data-e-type=\"widget\" data-widget_type=\"text-editor.default\">\n\t\t\t\t<div class=\"elementor-widget-container\">\n\t\t\t\t\t\t\t\t\t<h2>Cuidar da sua sa\u00fade e bem-estar.<\/h2>\n<p>Dedicamo-nos a promover um ambiente acolhedor e de apoio onde a sua sa\u00fade e bem-estar s\u00e3o as principais prioridades. Confie em n\u00f3s para o ajudar a alcan\u00e7ar uma sa\u00fade e vitalidade \u00f3ptimas. <\/p>\n\t\t\t\t\t\t\t\t<\/div>\n\t\t\t\t<\/div>\n\t\t\t\t\t<\/div>\n\t\t<\/div>\n\t\t\t\t<div class=\"elementor-column elementor-col-50 elementor-top-column elementor-element elementor-element-caa1c45\" data-id=\"caa1c45\" data-element_type=\"column\" data-e-type=\"column\">\n\t\t\t<div class=\"elementor-widget-wrap elementor-element-populated\">\n\t\t\t\t\t\t<div class=\"elementor-element elementor-element-0a232c8 elementor-widget elementor-widget-image\" data-id=\"0a232c8\" data-element_type=\"widget\" data-e-type=\"widget\" data-widget_type=\"image.default\">\n\t\t\t\t<div class=\"elementor-widget-container\">\n\t\t\t\t\t\t\t\t\t\t\t\t\t\t\t<img decoding=\"async\" width=\"960\" height=\"641\" src=\"https:\/\/bravermantest.com\/wp-content\/uploads\/2024\/04\/about_4-scaled-1-1024x684.jpg\" class=\"attachment-large size-large wp-image-6415\" alt=\"\" srcset=\"https:\/\/bravermantest.com\/wp-content\/uploads\/2024\/04\/about_4-scaled-1-1024x684.jpg 1024w, https:\/\/bravermantest.com\/wp-content\/uploads\/2024\/04\/about_4-scaled-1-300x200.jpg 300w, https:\/\/bravermantest.com\/wp-content\/uploads\/2024\/04\/about_4-scaled-1-768x513.jpg 768w, https:\/\/bravermantest.com\/wp-content\/uploads\/2024\/04\/about_4-scaled-1-1536x1025.jpg 1536w, https:\/\/bravermantest.com\/wp-content\/uploads\/2024\/04\/about_4-scaled-1-2048x1367.jpg 2048w\" sizes=\"(max-width: 960px) 100vw, 960px\" \/>\t\t\t\t\t\t\t\t\t\t\t\t\t\t\t<\/div>\n\t\t\t\t<\/div>\n\t\t\t\t\t<\/div>\n\t\t<\/div>\n\t\t\t\t\t<\/div>\n\t\t<\/section>\n\t\t\t\t<\/div>\n\t\t","protected":false},"excerpt":{"rendered":"<p>Sobre n\u00f3s Avaliar a medicina integrativa correta para si. Descubra uma abordagem mais hol\u00edstica para a cura no Braverman Test. As nossas solu\u00e7\u00f5es personalizadas de cuidados de sa\u00fade abordam as causas profundas e n\u00e3o apenas os sintomas. Experimente os benef\u00edcios da medicina integrativa hoje mesmo. Ideias da nossa avalia\u00e7\u00e3o. Oferecemos o Teste de Braverman, que avalia os n\u00edveis de neurotransmissores no c\u00e9rebro. Avalia desequil\u00edbrios nos n\u00edveis de dopamina, serotonina, GABA e acetilcolina para ajudar a identificar factores que contribuem para dist\u00farbios de humor, problemas cognitivos e dor cr\u00f3nica. Como \u00e9 que isto o ajudar\u00e1 na sua jornada de cuidados de sa\u00fade. Damos prioridade \u00e0 educa\u00e7\u00e3o e capacita\u00e7\u00e3o do paciente, explicando os resultados dos testes e as op\u00e7\u00f5es de tratamento para uma participa\u00e7\u00e3o ativa do paciente. Procure al\u00edvio para doen\u00e7as cr\u00f3nicas ou optimize a sua sa\u00fade e desempenho connosco. Cuidar da sua sa\u00fade e bem-estar. Dedicamo-nos a promover um ambiente acolhedor e de apoio onde a sua sa\u00fade e bem-estar s\u00e3o as principais prioridades. Confie em n\u00f3s para o ajudar a alcan\u00e7ar uma sa\u00fade e vitalidade \u00f3ptimas.<\/p>\n","protected":false},"author":1,"featured_media":0,"parent":0,"menu_order":0,"comment_status":"closed","ping_status":"closed","template":"elementor_header_footer","meta":{"footnotes":""},"class_list":["post-6403","page","type-page","status-publish","hentry"],"yoast_head":"<!-- This site is optimized with the Yoast SEO plugin v25.3 - https:\/\/yoast.com\/wordpress\/plugins\/seo\/ -->\n<title>Sobre - Bravermantest.com<\/title>\n<meta name=\"robots\" content=\"index, follow, max-snippet:-1, max-image-preview:large, max-video-preview:-1\" \/>\n<link rel=\"canonical\" href=\"https:\/\/bravermantest.com\/pt-pt\/sobre\/\" \/>\n<meta property=\"og:locale\" content=\"pt_PT\" \/>\n<meta property=\"og:type\" content=\"article\" \/>\n<meta property=\"og:title\" content=\"Sobre - Bravermantest.com\" \/>\n<meta property=\"og:description\" content=\"Sobre n\u00f3s Avaliar a medicina integrativa correta para si. Descubra uma abordagem mais hol\u00edstica para a cura no Braverman Test. As nossas solu\u00e7\u00f5es personalizadas de cuidados de sa\u00fade abordam as causas profundas e n\u00e3o apenas os sintomas. Experimente os benef\u00edcios da medicina integrativa hoje mesmo. Ideias da nossa avalia\u00e7\u00e3o. Oferecemos o Teste de Braverman, que avalia os n\u00edveis de neurotransmissores no c\u00e9rebro. Avalia desequil\u00edbrios nos n\u00edveis de dopamina, serotonina, GABA e acetilcolina para ajudar a identificar factores que contribuem para dist\u00farbios de humor, problemas cognitivos e dor cr\u00f3nica. Como \u00e9 que isto o ajudar\u00e1 na sua jornada de cuidados de sa\u00fade. Damos prioridade \u00e0 educa\u00e7\u00e3o e capacita\u00e7\u00e3o do paciente, explicando os resultados dos testes e as op\u00e7\u00f5es de tratamento para uma participa\u00e7\u00e3o ativa do paciente. Procure al\u00edvio para doen\u00e7as cr\u00f3nicas ou optimize a sua sa\u00fade e desempenho connosco. Cuidar da sua sa\u00fade e bem-estar. Dedicamo-nos a promover um ambiente acolhedor e de apoio onde a sua sa\u00fade e bem-estar s\u00e3o as principais prioridades. Confie em n\u00f3s para o ajudar a alcan\u00e7ar uma sa\u00fade e vitalidade \u00f3ptimas.\" \/>\n<meta property=\"og:url\" content=\"https:\/\/bravermantest.com\/pt-pt\/sobre\/\" \/>\n<meta property=\"og:site_name\" content=\"Bravermantest.com\" \/>\n<meta property=\"article:publisher\" content=\"https:\/\/www.facebook.com\/Bravermantest\" \/>\n<meta property=\"article:modified_time\" content=\"2024-12-29T20:31:02+00:00\" \/>\n<meta property=\"og:image\" content=\"https:\/\/bravermantest.com\/wp-content\/uploads\/2024\/04\/about_2-scaled-1.jpg\" \/>\n\t<meta property=\"og:image:width\" content=\"2560\" \/>\n\t<meta property=\"og:image:height\" content=\"1918\" \/>\n\t<meta property=\"og:image:type\" content=\"image\/jpeg\" \/>\n<meta name=\"twitter:card\" content=\"summary_large_image\" \/>\n<meta name=\"twitter:site\" content=\"@bravermantest\" \/>\n<meta name=\"twitter:label1\" content=\"Tempo estimado de leitura\" \/>\n\t<meta name=\"twitter:data1\" content=\"1 minuto\" \/>\n<script type=\"application\/ld+json\" class=\"yoast-schema-graph\">{\"@context\":\"https:\/\/schema.org\",\"@graph\":[{\"@type\":\"WebPage\",\"@id\":\"https:\/\/bravermantest.com\/pt-pt\/sobre\/\",\"url\":\"https:\/\/bravermantest.com\/pt-pt\/sobre\/\",\"name\":\"Sobre - Bravermantest.com\",\"isPartOf\":{\"@id\":\"https:\/\/bravermantest.com\/pt-pt\/#website\"},\"primaryImageOfPage\":{\"@id\":\"https:\/\/bravermantest.com\/pt-pt\/sobre\/#primaryimage\"},\"image\":{\"@id\":\"https:\/\/bravermantest.com\/pt-pt\/sobre\/#primaryimage\"},\"thumbnailUrl\":\"https:\/\/bravermantest.com\/wp-content\/uploads\/2024\/04\/about_2-scaled-1-1024x767.jpg\",\"datePublished\":\"2023-04-07T06:47:42+00:00\",\"dateModified\":\"2024-12-29T20:31:02+00:00\",\"breadcrumb\":{\"@id\":\"https:\/\/bravermantest.com\/pt-pt\/sobre\/#breadcrumb\"},\"inLanguage\":\"pt-PT\",\"potentialAction\":[{\"@type\":\"ReadAction\",\"target\":[\"https:\/\/bravermantest.com\/pt-pt\/sobre\/\"]}]},{\"@type\":\"ImageObject\",\"inLanguage\":\"pt-PT\",\"@id\":\"https:\/\/bravermantest.com\/pt-pt\/sobre\/#primaryimage\",\"url\":\"https:\/\/bravermantest.com\/wp-content\/uploads\/2024\/04\/about_2-scaled-1-1024x767.jpg\",\"contentUrl\":\"https:\/\/bravermantest.com\/wp-content\/uploads\/2024\/04\/about_2-scaled-1-1024x767.jpg\"},{\"@type\":\"BreadcrumbList\",\"@id\":\"https:\/\/bravermantest.com\/pt-pt\/sobre\/#breadcrumb\",\"itemListElement\":[{\"@type\":\"ListItem\",\"position\":1,\"name\":\"Home\",\"item\":\"https:\/\/bravermantest.com\/pt-pt\/inicio\/\"},{\"@type\":\"ListItem\",\"position\":2,\"name\":\"Sobre\"}]},{\"@type\":\"WebSite\",\"@id\":\"https:\/\/bravermantest.com\/pt-pt\/#website\",\"url\":\"https:\/\/bravermantest.com\/pt-pt\/\",\"name\":\"Bravermantest.com\",\"description\":\"\",\"publisher\":{\"@id\":\"https:\/\/bravermantest.com\/pt-pt\/#organization\"},\"potentialAction\":[{\"@type\":\"SearchAction\",\"target\":{\"@type\":\"EntryPoint\",\"urlTemplate\":\"https:\/\/bravermantest.com\/pt-pt\/?s={search_term_string}\"},\"query-input\":{\"@type\":\"PropertyValueSpecification\",\"valueRequired\":true,\"valueName\":\"search_term_string\"}}],\"inLanguage\":\"pt-PT\"},{\"@type\":\"Organization\",\"@id\":\"https:\/\/bravermantest.com\/pt-pt\/#organization\",\"name\":\"Bravermantest.com\",\"url\":\"https:\/\/bravermantest.com\/pt-pt\/\",\"logo\":{\"@type\":\"ImageObject\",\"inLanguage\":\"pt-PT\",\"@id\":\"https:\/\/bravermantest.com\/pt-pt\/#\/schema\/logo\/image\/\",\"url\":\"https:\/\/bravermantest.com\/wp-content\/uploads\/2023\/04\/logo.svg\",\"contentUrl\":\"https:\/\/bravermantest.com\/wp-content\/uploads\/2023\/04\/logo.svg\",\"width\":540,\"height\":136,\"caption\":\"Bravermantest.com\"},\"image\":{\"@id\":\"https:\/\/bravermantest.com\/pt-pt\/#\/schema\/logo\/image\/\"},\"sameAs\":[\"https:\/\/www.facebook.com\/Bravermantest\",\"https:\/\/x.com\/bravermantest\",\"https:\/\/www.instagram.com\/bravermantestnet\/\"]}]}<\/script>\n<!-- \/ Yoast SEO plugin. -->","yoast_head_json":{"title":"Sobre - Bravermantest.com","robots":{"index":"index","follow":"follow","max-snippet":"max-snippet:-1","max-image-preview":"max-image-preview:large","max-video-preview":"max-video-preview:-1"},"canonical":"https:\/\/bravermantest.com\/pt-pt\/sobre\/","og_locale":"pt_PT","og_type":"article","og_title":"Sobre - Bravermantest.com","og_description":"Sobre n\u00f3s Avaliar a medicina integrativa correta para si. Descubra uma abordagem mais hol\u00edstica para a cura no Braverman Test. As nossas solu\u00e7\u00f5es personalizadas de cuidados de sa\u00fade abordam as causas profundas e n\u00e3o apenas os sintomas. Experimente os benef\u00edcios da medicina integrativa hoje mesmo. Ideias da nossa avalia\u00e7\u00e3o. Oferecemos o Teste de Braverman, que avalia os n\u00edveis de neurotransmissores no c\u00e9rebro. Avalia desequil\u00edbrios nos n\u00edveis de dopamina, serotonina, GABA e acetilcolina para ajudar a identificar factores que contribuem para dist\u00farbios de humor, problemas cognitivos e dor cr\u00f3nica. Como \u00e9 que isto o ajudar\u00e1 na sua jornada de cuidados de sa\u00fade. Damos prioridade \u00e0 educa\u00e7\u00e3o e capacita\u00e7\u00e3o do paciente, explicando os resultados dos testes e as op\u00e7\u00f5es de tratamento para uma participa\u00e7\u00e3o ativa do paciente. Procure al\u00edvio para doen\u00e7as cr\u00f3nicas ou optimize a sua sa\u00fade e desempenho connosco. Cuidar da sua sa\u00fade e bem-estar. Dedicamo-nos a promover um ambiente acolhedor e de apoio onde a sua sa\u00fade e bem-estar s\u00e3o as principais prioridades. Confie em n\u00f3s para o ajudar a alcan\u00e7ar uma sa\u00fade e vitalidade \u00f3ptimas.","og_url":"https:\/\/bravermantest.com\/pt-pt\/sobre\/","og_site_name":"Bravermantest.com","article_publisher":"https:\/\/www.facebook.com\/Bravermantest","article_modified_time":"2024-12-29T20:31:02+00:00","og_image":[{"width":2560,"height":1918,"url":"https:\/\/bravermantest.com\/wp-content\/uploads\/2024\/04\/about_2-scaled-1.jpg","type":"image\/jpeg"}],"twitter_card":"summary_large_image","twitter_site":"@bravermantest","twitter_misc":{"Tempo estimado de leitura":"1 minuto"},"schema":{"@context":"https:\/\/schema.org","@graph":[{"@type":"WebPage","@id":"https:\/\/bravermantest.com\/pt-pt\/sobre\/","url":"https:\/\/bravermantest.com\/pt-pt\/sobre\/","name":"Sobre - Bravermantest.com","isPartOf":{"@id":"https:\/\/bravermantest.com\/pt-pt\/#website"},"primaryImageOfPage":{"@id":"https:\/\/bravermantest.com\/pt-pt\/sobre\/#primaryimage"},"image":{"@id":"https:\/\/bravermantest.com\/pt-pt\/sobre\/#primaryimage"},"thumbnailUrl":"https:\/\/bravermantest.com\/wp-content\/uploads\/2024\/04\/about_2-scaled-1-1024x767.jpg","datePublished":"2023-04-07T06:47:42+00:00","dateModified":"2024-12-29T20:31:02+00:00","breadcrumb":{"@id":"https:\/\/bravermantest.com\/pt-pt\/sobre\/#breadcrumb"},"inLanguage":"pt-PT","potentialAction":[{"@type":"ReadAction","target":["https:\/\/bravermantest.com\/pt-pt\/sobre\/"]}]},{"@type":"ImageObject","inLanguage":"pt-PT","@id":"https:\/\/bravermantest.com\/pt-pt\/sobre\/#primaryimage","url":"https:\/\/bravermantest.com\/wp-content\/uploads\/2024\/04\/about_2-scaled-1-1024x767.jpg","contentUrl":"https:\/\/bravermantest.com\/wp-content\/uploads\/2024\/04\/about_2-scaled-1-1024x767.jpg"},{"@type":"BreadcrumbList","@id":"https:\/\/bravermantest.com\/pt-pt\/sobre\/#breadcrumb","itemListElement":[{"@type":"ListItem","position":1,"name":"Home","item":"https:\/\/bravermantest.com\/pt-pt\/inicio\/"},{"@type":"ListItem","position":2,"name":"Sobre"}]},{"@type":"WebSite","@id":"https:\/\/bravermantest.com\/pt-pt\/#website","url":"https:\/\/bravermantest.com\/pt-pt\/","name":"Bravermantest.com","description":"","publisher":{"@id":"https:\/\/bravermantest.com\/pt-pt\/#organization"},"potentialAction":[{"@type":"SearchAction","target":{"@type":"EntryPoint","urlTemplate":"https:\/\/bravermantest.com\/pt-pt\/?s={search_term_string}"},"query-input":{"@type":"PropertyValueSpecification","valueRequired":true,"valueName":"search_term_string"}}],"inLanguage":"pt-PT"},{"@type":"Organization","@id":"https:\/\/bravermantest.com\/pt-pt\/#organization","name":"Bravermantest.com","url":"https:\/\/bravermantest.com\/pt-pt\/","logo":{"@type":"ImageObject","inLanguage":"pt-PT","@id":"https:\/\/bravermantest.com\/pt-pt\/#\/schema\/logo\/image\/","url":"https:\/\/bravermantest.com\/wp-content\/uploads\/2023\/04\/logo.svg","contentUrl":"https:\/\/bravermantest.com\/wp-content\/uploads\/2023\/04\/logo.svg","width":540,"height":136,"caption":"Bravermantest.com"},"image":{"@id":"https:\/\/bravermantest.com\/pt-pt\/#\/schema\/logo\/image\/"},"sameAs":["https:\/\/www.facebook.com\/Bravermantest","https:\/\/x.com\/bravermantest","https:\/\/www.instagram.com\/bravermantestnet\/"]}]}},"_links":{"self":[{"href":"https:\/\/bravermantest.com\/pt-pt\/wp-json\/wp\/v2\/pages\/6403","targetHints":{"allow":["GET"]}}],"collection":[{"href":"https:\/\/bravermantest.com\/pt-pt\/wp-json\/wp\/v2\/pages"}],"about":[{"href":"https:\/\/bravermantest.com\/pt-pt\/wp-json\/wp\/v2\/types\/page"}],"author":[{"embeddable":true,"href":"https:\/\/bravermantest.com\/pt-pt\/wp-json\/wp\/v2\/users\/1"}],"replies":[{"embeddable":true,"href":"https:\/\/bravermantest.com\/pt-pt\/wp-json\/wp\/v2\/comments?post=6403"}],"version-history":[{"count":1,"href":"https:\/\/bravermantest.com\/pt-pt\/wp-json\/wp\/v2\/pages\/6403\/revisions"}],"predecessor-version":[{"id":6416,"href":"https:\/\/bravermantest.com\/pt-pt\/wp-json\/wp\/v2\/pages\/6403\/revisions\/6416"}],"wp:attachment":[{"href":"https:\/\/bravermantest.com\/pt-pt\/wp-json\/wp\/v2\/media?parent=6403"}],"curies":[{"name":"wp","href":"https:\/\/api.w.org\/{rel}","templated":true}]}}