{"id":5746,"date":"2024-05-29T13:47:39","date_gmt":"2024-05-29T11:47:39","guid":{"rendered":"https:\/\/bravermantest.com\/rabat-ilosciowy\/"},"modified":"2024-12-12T20:49:01","modified_gmt":"2024-12-12T19:49:01","slug":"rabat-ilosciowy","status":"publish","type":"page","link":"https:\/\/bravermantest.com\/pl\/rabat-ilosciowy\/","title":{"rendered":"Rabat ilo\u015bciowy"},"content":{"rendered":"\t\t<div data-elementor-type=\"wp-page\" data-elementor-id=\"5746\" class=\"elementor elementor-5746 elementor-3660\" data-elementor-post-type=\"page\">\n\t\t\t\t\t\t<section class=\"elementor-section elementor-top-section elementor-element elementor-element-c33a8c4 elementor-section-boxed elementor-section-height-default elementor-section-height-default wpr-particle-no wpr-jarallax-no wpr-parallax-no wpr-sticky-section-no\" data-id=\"c33a8c4\" data-element_type=\"section\" data-e-type=\"section\">\n\t\t\t\t\t\t<div class=\"elementor-container elementor-column-gap-default\">\n\t\t\t\t\t<div class=\"elementor-column elementor-col-50 elementor-top-column elementor-element elementor-element-345623b\" data-id=\"345623b\" data-element_type=\"column\" data-e-type=\"column\">\n\t\t\t<div class=\"elementor-widget-wrap elementor-element-populated\">\n\t\t\t\t\t\t<div class=\"elementor-element elementor-element-d1822ef elementor-widget elementor-widget-heading\" data-id=\"d1822ef\" data-element_type=\"widget\" data-e-type=\"widget\" data-widget_type=\"heading.default\">\n\t\t\t\t<div class=\"elementor-widget-container\">\n\t\t\t\t\t<h2 class=\"elementor-heading-title elementor-size-default\">Rabat ilo\u015bciowy<\/h2>\t\t\t\t<\/div>\n\t\t\t\t<\/div>\n\t\t\t\t<div class=\"elementor-element elementor-element-6921b29 elementor-widget__width-initial elementor-widget elementor-widget-text-editor\" data-id=\"6921b29\" data-element_type=\"widget\" data-e-type=\"widget\" data-widget_type=\"text-editor.default\">\n\t\t\t\t<div class=\"elementor-widget-container\">\n\t\t\t\t\t\t\t\t\t<div>Je\u015bli jeste\u015b zainteresowany dystrybucj\u0105 testu Bravermana w\u015br\u00f3d swoich klient\u00f3w lub wsp\u00f3\u0142pracownik\u00f3w, oferujemy rabat ilo\u015bciowy na testy op\u0142acone z g\u00f3ry:<\/div>\n<div> <\/div>\n<div>Test Bravermana 10x: 15% zni\u017cki<\/div>\n<div>25x Test Bravermana: 25% zni\u017cki<\/div>\n<div>Test Bravermana 50x: 50% zni\u017cki<\/div>\t\t\t\t\t\t\t\t<\/div>\n\t\t\t\t<\/div>\n\t\t\t\t\t<\/div>\n\t\t<\/div>\n\t\t\t\t<div class=\"elementor-column elementor-col-50 elementor-top-column elementor-element elementor-element-a0c30b6\" data-id=\"a0c30b6\" data-element_type=\"column\" data-e-type=\"column\">\n\t\t\t<div class=\"elementor-widget-wrap elementor-element-populated\">\n\t\t\t\t\t\t<div class=\"elementor-element elementor-element-f675530 elementor-widget elementor-widget-heading\" data-id=\"f675530\" data-element_type=\"widget\" data-e-type=\"widget\" data-widget_type=\"heading.default\">\n\t\t\t\t<div class=\"elementor-widget-container\">\n\t\t\t\t\t<h2 class=\"elementor-heading-title elementor-size-default\">Formularz kontaktowy<\/h2>\t\t\t\t<\/div>\n\t\t\t\t<\/div>\n\t\t\t\t<div class=\"elementor-element elementor-element-8262349 wpr-step-type-number_text wpr-step-content-layout-vertical wpr-custom-styles-yes elementor-widget elementor-widget-wpr-form-builder\" data-id=\"8262349\" data-element_type=\"widget\" data-e-type=\"widget\" data-settings=\"{&quot;success_message&quot;:&quot;Zg\\u0142oszenie powiod\\u0142o si\\u0119&quot;,&quot;error_message&quot;:&quot;Zg\\u0142oszenie nie powiod\\u0142o si\\u0119&quot;,&quot;button_width&quot;:{&quot;unit&quot;:&quot;%&quot;,&quot;size&quot;:100,&quot;sizes&quot;:[]},&quot;button_width_tablet&quot;:{&quot;unit&quot;:&quot;px&quot;,&quot;size&quot;:&quot;&quot;,&quot;sizes&quot;:[]},&quot;button_width_mobile&quot;:{&quot;unit&quot;:&quot;px&quot;,&quot;size&quot;:&quot;&quot;,&quot;sizes&quot;:[]},&quot;step_type&quot;:&quot;number_text&quot;,&quot;step_content_layout&quot;:&quot;vertical&quot;}\" data-widget_type=\"wpr-form-builder.default\">\n\t\t\t\t<div class=\"elementor-widget-container\">\n\t\t\t\t\t\t\t<form class=\"wpr-form\" method=\"post\" name=\"Form Volume Discount Bravermantest.com\" page=\"Rabat ilo\u015bciowy\" page_id=\"5746\" novalidate>\n\t\t\t<input type=\"hidden\" name=\"post_id\" value=\"5746\"\/>\n\t\t\t<input type=\"hidden\" name=\"form_id\" value=\"8262349\"\/>\n\t\t\t<input type=\"hidden\" name=\"referer_title\" value=\"Bravermantest.com\" \/>\n\n\t\t\t<div class=\"wpr-step-wrap\"><\/div>\n\t\t\t<div class=\"wpr-form-fields-wrap wpr-labels-above\">\n\t\t\t\t\t\t\t\t\t<div class=\"wpr-form-field-type-text wpr-field-group wpr-column wpr-field-group-name elementor-repeater-item-32d5e99 wpr-form-field-required\">\n\t\t\t\t\t\t<input size=\"1 \"type=\"text\" name=\"form_fields[name]\" id=\"form-field-name\" class=\"wpr-form-field  wpr-form-field-textual\" placeholder=\"Nazwa\" required=\"required\" aria-required=\"true\">\t\t\t\t\t<\/div>\n\t\t\t\t\t\t\t\t\t<div class=\"wpr-form-field-type-email wpr-field-group wpr-column wpr-field-group-email elementor-repeater-item-4e2a724 wpr-form-field-required\">\n\t\t\t\t\t\t<input size=\"1 \"type=\"email\" name=\"form_fields[email]\" id=\"form-field-email\" class=\"wpr-form-field  wpr-form-field-textual\" placeholder=\"E-mail\" required=\"required\" aria-required=\"true\">\t\t\t\t\t<\/div>\n\t\t\t\t\t\t\t\t\t<div class=\"wpr-form-field-type-textarea wpr-field-group wpr-column wpr-field-group-message elementor-repeater-item-ed69cc0 wpr-form-field-required\">\n\t\t\t\t\t\t<textarea class=\"wpr-form-field-textual wpr-form-field \" name=\"form_fields[message]\" id=\"form-field-message\" rows=\"7\" placeholder=\"Wiadomo\u015b\u0107\" required=\"required\" aria-required=\"true\"><\/textarea>\t\t\t\t\t<\/div>\n\t\t\t\t<div class=\"wpr-field-group wpr-stp-btns-wrap wpr-column wpr-form-field-type-submit\" data-actions=\"[&quot;email&quot;]\" data-redirect-url=\"\" data-mailchimp-fields=\"{&quot;email_field&quot;:&quot;&quot;,&quot;first_name_field&quot;:&quot;&quot;,&quot;last_name_field&quot;:&quot;&quot;,&quot;address_field&quot;:&quot;&quot;,&quot;phone_field&quot;:&quot;&quot;,&quot;birthday_field&quot;:&quot;&quot;,&quot;group_id&quot;:&quot;&quot;}\" data-list-id=\"\">\t\t\t<button type=\"submit\" class=\"wpr-button\">\n\t\t\t\t<span >\n\t\t\t\t\t\t\t\t\t\t\t\t\t\t\t\t<span>Wy\u015blij<\/span>\n\t\t\t\t\t\t\t\t\t\t\t\t\t\t<\/span>\t\n\t\t\t\t<div class=\"wpr-double-bounce wpr-loader-hidden\">\n\t\t\t\t\t<div class=\"wpr-child wpr-double-bounce1\"><\/div>\n\t\t\t\t\t<div class=\"wpr-child wpr-double-bounce2\"><\/div>\n\t\t\t\t<\/div>\n\t\t\t<\/button>\n\t\t<\/div>\t\t\t\t\n\t\t\t<\/div>\n\t\t<\/form>\n\t  \t\t\t\t<\/div>\n\t\t\t\t<\/div>\n\t\t\t\t\t<\/div>\n\t\t<\/div>\n\t\t\t\t\t<\/div>\n\t\t<\/section>\n\t\t\t\t<\/div>\n\t\t","protected":false},"excerpt":{"rendered":"<p>Rabat ilo\u015bciowy Je\u015bli jeste\u015b zainteresowany dystrybucj\u0105 testu Bravermana w\u015br\u00f3d swoich klient\u00f3w lub wsp\u00f3\u0142pracownik\u00f3w, oferujemy rabat ilo\u015bciowy na testy op\u0142acone z g\u00f3ry: Test Bravermana 10x: 15% zni\u017cki 25x Test Bravermana: 25% zni\u017cki Test Bravermana 50x: 50% zni\u017cki Formularz kontaktowy Wy\u015blij<\/p>\n","protected":false},"author":2,"featured_media":0,"parent":0,"menu_order":0,"comment_status":"closed","ping_status":"closed","template":"elementor_header_footer","meta":{"footnotes":""},"class_list":["post-5746","page","type-page","status-publish","hentry"],"yoast_head":"<!-- This site is optimized with the Yoast SEO plugin v25.3 - https:\/\/yoast.com\/wordpress\/plugins\/seo\/ -->\n<title>Rabat ilo\u015bciowy - Bravermantest.com<\/title>\n<meta name=\"robots\" content=\"index, follow, max-snippet:-1, max-image-preview:large, max-video-preview:-1\" \/>\n<link rel=\"canonical\" href=\"https:\/\/bravermantest.com\/pl\/rabat-ilosciowy\/\" \/>\n<meta property=\"og:locale\" content=\"pl_PL\" \/>\n<meta property=\"og:type\" content=\"article\" \/>\n<meta property=\"og:title\" content=\"Rabat ilo\u015bciowy - Bravermantest.com\" \/>\n<meta property=\"og:description\" content=\"Rabat ilo\u015bciowy Je\u015bli jeste\u015b zainteresowany dystrybucj\u0105 testu Bravermana w\u015br\u00f3d swoich klient\u00f3w lub wsp\u00f3\u0142pracownik\u00f3w, oferujemy rabat ilo\u015bciowy na testy op\u0142acone z g\u00f3ry: Test Bravermana 10x: 15% zni\u017cki 25x Test Bravermana: 25% zni\u017cki Test Bravermana 50x: 50% zni\u017cki Formularz kontaktowy Wy\u015blij\" \/>\n<meta property=\"og:url\" content=\"https:\/\/bravermantest.com\/pl\/rabat-ilosciowy\/\" \/>\n<meta property=\"og:site_name\" content=\"Bravermantest.com\" \/>\n<meta property=\"article:publisher\" content=\"https:\/\/www.facebook.com\/Bravermantest\" \/>\n<meta property=\"article:modified_time\" content=\"2024-12-12T19:49:01+00:00\" \/>\n<meta name=\"twitter:card\" content=\"summary_large_image\" \/>\n<meta name=\"twitter:site\" content=\"@bravermantest\" \/>\n<script type=\"application\/ld+json\" class=\"yoast-schema-graph\">{\"@context\":\"https:\/\/schema.org\",\"@graph\":[{\"@type\":\"WebPage\",\"@id\":\"https:\/\/bravermantest.com\/pl\/rabat-ilosciowy\/\",\"url\":\"https:\/\/bravermantest.com\/pl\/rabat-ilosciowy\/\",\"name\":\"Rabat ilo\u015bciowy - Bravermantest.com\",\"isPartOf\":{\"@id\":\"https:\/\/bravermantest.com\/pl\/#website\"},\"datePublished\":\"2024-05-29T11:47:39+00:00\",\"dateModified\":\"2024-12-12T19:49:01+00:00\",\"breadcrumb\":{\"@id\":\"https:\/\/bravermantest.com\/pl\/rabat-ilosciowy\/#breadcrumb\"},\"inLanguage\":\"pl-PL\",\"potentialAction\":[{\"@type\":\"ReadAction\",\"target\":[\"https:\/\/bravermantest.com\/pl\/rabat-ilosciowy\/\"]}]},{\"@type\":\"BreadcrumbList\",\"@id\":\"https:\/\/bravermantest.com\/pl\/rabat-ilosciowy\/#breadcrumb\",\"itemListElement\":[{\"@type\":\"ListItem\",\"position\":1,\"name\":\"Home\",\"item\":\"https:\/\/bravermantest.com\/pl\/strona-glowna\/\"},{\"@type\":\"ListItem\",\"position\":2,\"name\":\"Rabat ilo\u015bciowy\"}]},{\"@type\":\"WebSite\",\"@id\":\"https:\/\/bravermantest.com\/pl\/#website\",\"url\":\"https:\/\/bravermantest.com\/pl\/\",\"name\":\"Bravermantest.com\",\"description\":\"\",\"publisher\":{\"@id\":\"https:\/\/bravermantest.com\/pl\/#organization\"},\"potentialAction\":[{\"@type\":\"SearchAction\",\"target\":{\"@type\":\"EntryPoint\",\"urlTemplate\":\"https:\/\/bravermantest.com\/pl\/?s={search_term_string}\"},\"query-input\":{\"@type\":\"PropertyValueSpecification\",\"valueRequired\":true,\"valueName\":\"search_term_string\"}}],\"inLanguage\":\"pl-PL\"},{\"@type\":\"Organization\",\"@id\":\"https:\/\/bravermantest.com\/pl\/#organization\",\"name\":\"Bravermantest.com\",\"url\":\"https:\/\/bravermantest.com\/pl\/\",\"logo\":{\"@type\":\"ImageObject\",\"inLanguage\":\"pl-PL\",\"@id\":\"https:\/\/bravermantest.com\/pl\/#\/schema\/logo\/image\/\",\"url\":\"https:\/\/bravermantest.com\/wp-content\/uploads\/2023\/04\/logo.svg\",\"contentUrl\":\"https:\/\/bravermantest.com\/wp-content\/uploads\/2023\/04\/logo.svg\",\"width\":540,\"height\":136,\"caption\":\"Bravermantest.com\"},\"image\":{\"@id\":\"https:\/\/bravermantest.com\/pl\/#\/schema\/logo\/image\/\"},\"sameAs\":[\"https:\/\/www.facebook.com\/Bravermantest\",\"https:\/\/x.com\/bravermantest\",\"https:\/\/www.instagram.com\/bravermantestnet\/\"]}]}<\/script>\n<!-- \/ Yoast SEO plugin. -->","yoast_head_json":{"title":"Rabat ilo\u015bciowy - Bravermantest.com","robots":{"index":"index","follow":"follow","max-snippet":"max-snippet:-1","max-image-preview":"max-image-preview:large","max-video-preview":"max-video-preview:-1"},"canonical":"https:\/\/bravermantest.com\/pl\/rabat-ilosciowy\/","og_locale":"pl_PL","og_type":"article","og_title":"Rabat ilo\u015bciowy - Bravermantest.com","og_description":"Rabat ilo\u015bciowy Je\u015bli jeste\u015b zainteresowany dystrybucj\u0105 testu Bravermana w\u015br\u00f3d swoich klient\u00f3w lub wsp\u00f3\u0142pracownik\u00f3w, oferujemy rabat ilo\u015bciowy na testy op\u0142acone z g\u00f3ry: Test Bravermana 10x: 15% zni\u017cki 25x Test Bravermana: 25% zni\u017cki Test Bravermana 50x: 50% zni\u017cki Formularz kontaktowy Wy\u015blij","og_url":"https:\/\/bravermantest.com\/pl\/rabat-ilosciowy\/","og_site_name":"Bravermantest.com","article_publisher":"https:\/\/www.facebook.com\/Bravermantest","article_modified_time":"2024-12-12T19:49:01+00:00","twitter_card":"summary_large_image","twitter_site":"@bravermantest","schema":{"@context":"https:\/\/schema.org","@graph":[{"@type":"WebPage","@id":"https:\/\/bravermantest.com\/pl\/rabat-ilosciowy\/","url":"https:\/\/bravermantest.com\/pl\/rabat-ilosciowy\/","name":"Rabat ilo\u015bciowy - Bravermantest.com","isPartOf":{"@id":"https:\/\/bravermantest.com\/pl\/#website"},"datePublished":"2024-05-29T11:47:39+00:00","dateModified":"2024-12-12T19:49:01+00:00","breadcrumb":{"@id":"https:\/\/bravermantest.com\/pl\/rabat-ilosciowy\/#breadcrumb"},"inLanguage":"pl-PL","potentialAction":[{"@type":"ReadAction","target":["https:\/\/bravermantest.com\/pl\/rabat-ilosciowy\/"]}]},{"@type":"BreadcrumbList","@id":"https:\/\/bravermantest.com\/pl\/rabat-ilosciowy\/#breadcrumb","itemListElement":[{"@type":"ListItem","position":1,"name":"Home","item":"https:\/\/bravermantest.com\/pl\/strona-glowna\/"},{"@type":"ListItem","position":2,"name":"Rabat ilo\u015bciowy"}]},{"@type":"WebSite","@id":"https:\/\/bravermantest.com\/pl\/#website","url":"https:\/\/bravermantest.com\/pl\/","name":"Bravermantest.com","description":"","publisher":{"@id":"https:\/\/bravermantest.com\/pl\/#organization"},"potentialAction":[{"@type":"SearchAction","target":{"@type":"EntryPoint","urlTemplate":"https:\/\/bravermantest.com\/pl\/?s={search_term_string}"},"query-input":{"@type":"PropertyValueSpecification","valueRequired":true,"valueName":"search_term_string"}}],"inLanguage":"pl-PL"},{"@type":"Organization","@id":"https:\/\/bravermantest.com\/pl\/#organization","name":"Bravermantest.com","url":"https:\/\/bravermantest.com\/pl\/","logo":{"@type":"ImageObject","inLanguage":"pl-PL","@id":"https:\/\/bravermantest.com\/pl\/#\/schema\/logo\/image\/","url":"https:\/\/bravermantest.com\/wp-content\/uploads\/2023\/04\/logo.svg","contentUrl":"https:\/\/bravermantest.com\/wp-content\/uploads\/2023\/04\/logo.svg","width":540,"height":136,"caption":"Bravermantest.com"},"image":{"@id":"https:\/\/bravermantest.com\/pl\/#\/schema\/logo\/image\/"},"sameAs":["https:\/\/www.facebook.com\/Bravermantest","https:\/\/x.com\/bravermantest","https:\/\/www.instagram.com\/bravermantestnet\/"]}]}},"_links":{"self":[{"href":"https:\/\/bravermantest.com\/pl\/wp-json\/wp\/v2\/pages\/5746","targetHints":{"allow":["GET"]}}],"collection":[{"href":"https:\/\/bravermantest.com\/pl\/wp-json\/wp\/v2\/pages"}],"about":[{"href":"https:\/\/bravermantest.com\/pl\/wp-json\/wp\/v2\/types\/page"}],"author":[{"embeddable":true,"href":"https:\/\/bravermantest.com\/pl\/wp-json\/wp\/v2\/users\/2"}],"replies":[{"embeddable":true,"href":"https:\/\/bravermantest.com\/pl\/wp-json\/wp\/v2\/comments?post=5746"}],"version-history":[{"count":1,"href":"https:\/\/bravermantest.com\/pl\/wp-json\/wp\/v2\/pages\/5746\/revisions"}],"predecessor-version":[{"id":5747,"href":"https:\/\/bravermantest.com\/pl\/wp-json\/wp\/v2\/pages\/5746\/revisions\/5747"}],"wp:attachment":[{"href":"https:\/\/bravermantest.com\/pl\/wp-json\/wp\/v2\/media?parent=5746"}],"curies":[{"name":"wp","href":"https:\/\/api.w.org\/{rel}","templated":true}]}}