{"id":5706,"date":"2023-04-07T08:47:42","date_gmt":"2023-04-07T06:47:42","guid":{"rendered":"https:\/\/bravermantest.com\/o\/"},"modified":"2024-12-12T20:05:34","modified_gmt":"2024-12-12T19:05:34","slug":"o","status":"publish","type":"page","link":"https:\/\/bravermantest.com\/pl\/o\/","title":{"rendered":"O"},"content":{"rendered":"\t\t<div data-elementor-type=\"wp-page\" data-elementor-id=\"5706\" class=\"elementor elementor-5706 elementor-748\" data-elementor-post-type=\"page\">\n\t\t\t\t\t\t<section class=\"elementor-section elementor-top-section elementor-element elementor-element-eaff33e elementor-section-boxed elementor-section-height-default elementor-section-height-default wpr-particle-no wpr-jarallax-no wpr-sticky-section-no\" data-id=\"eaff33e\" data-element_type=\"section\" data-e-type=\"section\">\n\t\t\t\t\t\t\t<div class=\"elementor-background-overlay\"><\/div>\n\t\t\t\t\t\t\t<div class=\"elementor-container elementor-column-gap-default\">\n\t\t\t\t\t<div class=\"elementor-column elementor-col-100 elementor-top-column elementor-element elementor-element-c932e84\" data-id=\"c932e84\" data-element_type=\"column\" data-e-type=\"column\">\n\t\t\t<div class=\"elementor-widget-wrap elementor-element-populated\">\n\t\t\t\t\t\t<div class=\"elementor-element elementor-element-c83b07e elementor-widget elementor-widget-heading\" data-id=\"c83b07e\" data-element_type=\"widget\" data-e-type=\"widget\" data-widget_type=\"heading.default\">\n\t\t\t\t<div class=\"elementor-widget-container\">\n\t\t\t\t\t<h2 class=\"elementor-heading-title elementor-size-default\">O nas<\/h2>\t\t\t\t<\/div>\n\t\t\t\t<\/div>\n\t\t\t\t\t<\/div>\n\t\t<\/div>\n\t\t\t\t\t<\/div>\n\t\t<\/section>\n\t\t\t\t<section class=\"elementor-section elementor-top-section elementor-element elementor-element-97e2d39 elementor-section-boxed elementor-section-height-default elementor-section-height-default wpr-particle-no wpr-jarallax-no wpr-parallax-no wpr-sticky-section-no\" data-id=\"97e2d39\" data-element_type=\"section\" data-e-type=\"section\">\n\t\t\t\t\t\t<div class=\"elementor-container elementor-column-gap-wide\">\n\t\t\t\t\t<div class=\"elementor-column elementor-col-100 elementor-top-column elementor-element elementor-element-2d358bf elementor-invisible\" data-id=\"2d358bf\" data-element_type=\"column\" data-e-type=\"column\" data-settings=\"{&quot;background_background&quot;:&quot;classic&quot;,&quot;animation&quot;:&quot;slideInLeft&quot;}\">\n\t\t\t<div class=\"elementor-widget-wrap elementor-element-populated\">\n\t\t\t\t\t\t<div class=\"elementor-element elementor-element-012a904 elementor-widget elementor-widget-text-editor\" data-id=\"012a904\" data-element_type=\"widget\" data-e-type=\"widget\" data-widget_type=\"text-editor.default\">\n\t\t\t\t<div class=\"elementor-widget-container\">\n\t\t\t\t\t\t\t\t\t<h2>Ocena w\u0142a\u015bciwej medycyny integracyjnej dla Ciebie.<\/h2>\n<p>Odkryj bardziej holistyczne podej\u015bcie do leczenia w Braverman Test. Nasze spersonalizowane rozwi\u0105zania w zakresie opieki zdrowotnej dotycz\u0105 przyczyn \u017ar\u00f3d\u0142owych, a nie tylko objaw\u00f3w. Poznaj korzy\u015bci p\u0142yn\u0105ce z medycyny integracyjnej ju\u017c dzi\u015b.  <\/p>\n\t\t\t\t\t\t\t\t<\/div>\n\t\t\t\t<\/div>\n\t\t\t\t\t<\/div>\n\t\t<\/div>\n\t\t\t\t\t<\/div>\n\t\t<\/section>\n\t\t\t\t<section class=\"elementor-section elementor-top-section elementor-element elementor-element-4f6edf0 elementor-section-boxed elementor-section-height-default elementor-section-height-default wpr-particle-no wpr-jarallax-no wpr-parallax-no wpr-sticky-section-no\" data-id=\"4f6edf0\" data-element_type=\"section\" data-e-type=\"section\">\n\t\t\t\t\t\t<div class=\"elementor-container elementor-column-gap-wide\">\n\t\t\t\t\t<div class=\"elementor-column elementor-col-50 elementor-top-column elementor-element elementor-element-47bdcad\" data-id=\"47bdcad\" data-element_type=\"column\" data-e-type=\"column\">\n\t\t\t<div class=\"elementor-widget-wrap elementor-element-populated\">\n\t\t\t\t\t\t<div class=\"elementor-element elementor-element-b43985f elementor-widget elementor-widget-image\" data-id=\"b43985f\" data-element_type=\"widget\" data-e-type=\"widget\" data-widget_type=\"image.default\">\n\t\t\t\t<div class=\"elementor-widget-container\">\n\t\t\t\t\t\t\t\t\t\t\t\t\t\t\t<img fetchpriority=\"high\" decoding=\"async\" width=\"960\" height=\"719\" src=\"https:\/\/bravermantest.com\/wp-content\/uploads\/2024\/04\/about_2-scaled-1-1024x767.jpg\" class=\"attachment-large size-large wp-image-5716\" alt=\"\" srcset=\"https:\/\/bravermantest.com\/wp-content\/uploads\/2024\/04\/about_2-scaled-1-1024x767.jpg 1024w, https:\/\/bravermantest.com\/wp-content\/uploads\/2024\/04\/about_2-scaled-1-300x225.jpg 300w, https:\/\/bravermantest.com\/wp-content\/uploads\/2024\/04\/about_2-scaled-1-768x575.jpg 768w, https:\/\/bravermantest.com\/wp-content\/uploads\/2024\/04\/about_2-scaled-1-1536x1151.jpg 1536w, https:\/\/bravermantest.com\/wp-content\/uploads\/2024\/04\/about_2-scaled-1-2048x1534.jpg 2048w\" sizes=\"(max-width: 960px) 100vw, 960px\" \/>\t\t\t\t\t\t\t\t\t\t\t\t\t\t\t<\/div>\n\t\t\t\t<\/div>\n\t\t\t\t\t<\/div>\n\t\t<\/div>\n\t\t\t\t<div class=\"elementor-column elementor-col-50 elementor-top-column elementor-element elementor-element-634ef68 elementor-invisible\" data-id=\"634ef68\" data-element_type=\"column\" data-e-type=\"column\" data-settings=\"{&quot;background_background&quot;:&quot;classic&quot;,&quot;animation&quot;:&quot;slideInRight&quot;}\">\n\t\t\t<div class=\"elementor-widget-wrap elementor-element-populated\">\n\t\t\t\t\t\t<div class=\"elementor-element elementor-element-e1acdc5 elementor-widget elementor-widget-text-editor\" data-id=\"e1acdc5\" data-element_type=\"widget\" data-e-type=\"widget\" data-widget_type=\"text-editor.default\">\n\t\t\t\t<div class=\"elementor-widget-container\">\n\t\t\t\t\t\t\t\t\t\n<h2>Wnioski z naszej oceny.<\/h2>\n\n\nOferujemy test Bravermana, kt\u00f3ry ocenia poziom neuroprzeka\u017anik\u00f3w w m\u00f3zgu. Ocenia on brak r\u00f3wnowagi w dopaminie, serotoninie, GABA i acetylocholinie, aby pom\u00f3c zidentyfikowa\u0107 czynniki przyczyniaj\u0105ce si\u0119 do zaburze\u0144 nastroju, zaburze\u0144 poznawczych i przewlek\u0142ego b\u00f3lu. \n\n\t\t\t\t\t\t\t\t<\/div>\n\t\t\t\t<\/div>\n\t\t\t\t\t<\/div>\n\t\t<\/div>\n\t\t\t\t\t<\/div>\n\t\t<\/section>\n\t\t\t\t<section class=\"elementor-section elementor-top-section elementor-element elementor-element-af88a70 elementor-section-boxed elementor-section-height-default elementor-section-height-default wpr-particle-no wpr-jarallax-no wpr-parallax-no wpr-sticky-section-no\" data-id=\"af88a70\" data-element_type=\"section\" data-e-type=\"section\">\n\t\t\t\t\t\t<div class=\"elementor-container elementor-column-gap-wide\">\n\t\t\t\t\t<div class=\"elementor-column elementor-col-100 elementor-top-column elementor-element elementor-element-1331fe9 elementor-invisible\" data-id=\"1331fe9\" data-element_type=\"column\" data-e-type=\"column\" data-settings=\"{&quot;background_background&quot;:&quot;classic&quot;,&quot;animation&quot;:&quot;slideInLeft&quot;}\">\n\t\t\t<div class=\"elementor-widget-wrap elementor-element-populated\">\n\t\t\t\t\t\t<div class=\"elementor-element elementor-element-fdbb04a elementor-widget elementor-widget-text-editor\" data-id=\"fdbb04a\" data-element_type=\"widget\" data-e-type=\"widget\" data-widget_type=\"text-editor.default\">\n\t\t\t\t<div class=\"elementor-widget-container\">\n\t\t\t\t\t\t\t\t\t\n<h2>W jaki spos\u00f3b pomo\u017ce ci to w drodze do opieki zdrowotnej.<\/h2>\n\nNaszym priorytetem jest edukacja i wzmacnianie pozycji pacjenta, wyja\u015bnianie wynik\u00f3w bada\u0144 i opcji leczenia w celu aktywnego uczestnictwa pacjenta. Poszukaj ulgi w chorobach przewlek\u0142ych lub zoptymalizuj swoje zdrowie i wydajno\u015b\u0107 z nami. \n\n\t\t\t\t\t\t\t\t<\/div>\n\t\t\t\t<\/div>\n\t\t\t\t\t<\/div>\n\t\t<\/div>\n\t\t\t\t\t<\/div>\n\t\t<\/section>\n\t\t\t\t<section class=\"elementor-section elementor-top-section elementor-element elementor-element-d6b2a9d elementor-reverse-tablet elementor-reverse-mobile elementor-section-boxed elementor-section-height-default elementor-section-height-default wpr-particle-no wpr-jarallax-no wpr-parallax-no wpr-sticky-section-no\" data-id=\"d6b2a9d\" data-element_type=\"section\" data-e-type=\"section\">\n\t\t\t\t\t\t<div class=\"elementor-container elementor-column-gap-wide\">\n\t\t\t\t\t<div class=\"elementor-column elementor-col-50 elementor-top-column elementor-element elementor-element-14950e9 elementor-invisible\" data-id=\"14950e9\" data-element_type=\"column\" data-e-type=\"column\" data-settings=\"{&quot;background_background&quot;:&quot;classic&quot;,&quot;animation&quot;:&quot;slideInRight&quot;}\">\n\t\t\t<div class=\"elementor-widget-wrap elementor-element-populated\">\n\t\t\t\t\t\t<div class=\"elementor-element elementor-element-1954d28 elementor-widget elementor-widget-text-editor\" data-id=\"1954d28\" data-element_type=\"widget\" data-e-type=\"widget\" data-widget_type=\"text-editor.default\">\n\t\t\t\t<div class=\"elementor-widget-container\">\n\t\t\t\t\t\t\t\t\t<h2>Dbanie o zdrowie i dobre samopoczucie.<\/h2>\n<p>Naszym celem jest stworzenie ciep\u0142ego i wspieraj\u0105cego \u015brodowiska, w kt\u00f3rym zdrowie i dobre samopoczucie s\u0105 najwa\u017cniejszymi priorytetami. Zaufaj nam, a pomo\u017cemy Ci osi\u0105gn\u0105\u0107 optymalne zdrowie i witalno\u015b\u0107. <\/p>\n\t\t\t\t\t\t\t\t<\/div>\n\t\t\t\t<\/div>\n\t\t\t\t\t<\/div>\n\t\t<\/div>\n\t\t\t\t<div class=\"elementor-column elementor-col-50 elementor-top-column elementor-element elementor-element-caa1c45\" data-id=\"caa1c45\" data-element_type=\"column\" data-e-type=\"column\">\n\t\t\t<div class=\"elementor-widget-wrap elementor-element-populated\">\n\t\t\t\t\t\t<div class=\"elementor-element elementor-element-0a232c8 elementor-widget elementor-widget-image\" data-id=\"0a232c8\" data-element_type=\"widget\" data-e-type=\"widget\" data-widget_type=\"image.default\">\n\t\t\t\t<div class=\"elementor-widget-container\">\n\t\t\t\t\t\t\t\t\t\t\t\t\t\t\t<img decoding=\"async\" width=\"960\" height=\"641\" src=\"https:\/\/bravermantest.com\/wp-content\/uploads\/2024\/04\/about_4-scaled-1-1024x684.jpg\" class=\"attachment-large size-large wp-image-5718\" alt=\"\" srcset=\"https:\/\/bravermantest.com\/wp-content\/uploads\/2024\/04\/about_4-scaled-1-1024x684.jpg 1024w, https:\/\/bravermantest.com\/wp-content\/uploads\/2024\/04\/about_4-scaled-1-300x200.jpg 300w, https:\/\/bravermantest.com\/wp-content\/uploads\/2024\/04\/about_4-scaled-1-768x513.jpg 768w, https:\/\/bravermantest.com\/wp-content\/uploads\/2024\/04\/about_4-scaled-1-1536x1025.jpg 1536w, https:\/\/bravermantest.com\/wp-content\/uploads\/2024\/04\/about_4-scaled-1-2048x1367.jpg 2048w\" sizes=\"(max-width: 960px) 100vw, 960px\" \/>\t\t\t\t\t\t\t\t\t\t\t\t\t\t\t<\/div>\n\t\t\t\t<\/div>\n\t\t\t\t\t<\/div>\n\t\t<\/div>\n\t\t\t\t\t<\/div>\n\t\t<\/section>\n\t\t\t\t<\/div>\n\t\t","protected":false},"excerpt":{"rendered":"<p>O nas Ocena w\u0142a\u015bciwej medycyny integracyjnej dla Ciebie. Odkryj bardziej holistyczne podej\u015bcie do leczenia w Braverman Test. Nasze spersonalizowane rozwi\u0105zania w zakresie opieki zdrowotnej dotycz\u0105 przyczyn \u017ar\u00f3d\u0142owych, a nie tylko objaw\u00f3w. Poznaj korzy\u015bci p\u0142yn\u0105ce z medycyny integracyjnej ju\u017c dzi\u015b. Wnioski z naszej oceny. Oferujemy test Bravermana, kt\u00f3ry ocenia poziom neuroprzeka\u017anik\u00f3w w m\u00f3zgu. Ocenia on brak r\u00f3wnowagi w dopaminie, serotoninie, GABA i acetylocholinie, aby pom\u00f3c zidentyfikowa\u0107 czynniki przyczyniaj\u0105ce si\u0119 do zaburze\u0144 nastroju, zaburze\u0144 poznawczych i przewlek\u0142ego b\u00f3lu. W jaki spos\u00f3b pomo\u017ce ci to w drodze do opieki zdrowotnej. Naszym priorytetem jest edukacja i wzmacnianie pozycji pacjenta, wyja\u015bnianie wynik\u00f3w bada\u0144 i opcji leczenia w celu aktywnego uczestnictwa pacjenta. Poszukaj ulgi w chorobach przewlek\u0142ych lub zoptymalizuj swoje zdrowie i wydajno\u015b\u0107 z nami. Dbanie o zdrowie i dobre samopoczucie. Naszym celem jest stworzenie ciep\u0142ego i wspieraj\u0105cego \u015brodowiska, w kt\u00f3rym zdrowie i dobre samopoczucie s\u0105 najwa\u017cniejszymi priorytetami. Zaufaj nam, a pomo\u017cemy Ci osi\u0105gn\u0105\u0107 optymalne zdrowie i witalno\u015b\u0107.<\/p>\n","protected":false},"author":1,"featured_media":0,"parent":0,"menu_order":0,"comment_status":"closed","ping_status":"closed","template":"elementor_header_footer","meta":{"footnotes":""},"class_list":["post-5706","page","type-page","status-publish","hentry"],"yoast_head":"<!-- This site is optimized with the Yoast SEO plugin v25.3 - https:\/\/yoast.com\/wordpress\/plugins\/seo\/ -->\n<title>O - Bravermantest.com<\/title>\n<meta name=\"robots\" content=\"index, follow, max-snippet:-1, max-image-preview:large, max-video-preview:-1\" \/>\n<link rel=\"canonical\" href=\"https:\/\/bravermantest.com\/pl\/o\/\" \/>\n<meta property=\"og:locale\" content=\"pl_PL\" \/>\n<meta property=\"og:type\" content=\"article\" \/>\n<meta property=\"og:title\" content=\"O - Bravermantest.com\" \/>\n<meta property=\"og:description\" content=\"O nas Ocena w\u0142a\u015bciwej medycyny integracyjnej dla Ciebie. Odkryj bardziej holistyczne podej\u015bcie do leczenia w Braverman Test. Nasze spersonalizowane rozwi\u0105zania w zakresie opieki zdrowotnej dotycz\u0105 przyczyn \u017ar\u00f3d\u0142owych, a nie tylko objaw\u00f3w. Poznaj korzy\u015bci p\u0142yn\u0105ce z medycyny integracyjnej ju\u017c dzi\u015b. Wnioski z naszej oceny. Oferujemy test Bravermana, kt\u00f3ry ocenia poziom neuroprzeka\u017anik\u00f3w w m\u00f3zgu. Ocenia on brak r\u00f3wnowagi w dopaminie, serotoninie, GABA i acetylocholinie, aby pom\u00f3c zidentyfikowa\u0107 czynniki przyczyniaj\u0105ce si\u0119 do zaburze\u0144 nastroju, zaburze\u0144 poznawczych i przewlek\u0142ego b\u00f3lu. W jaki spos\u00f3b pomo\u017ce ci to w drodze do opieki zdrowotnej. Naszym priorytetem jest edukacja i wzmacnianie pozycji pacjenta, wyja\u015bnianie wynik\u00f3w bada\u0144 i opcji leczenia w celu aktywnego uczestnictwa pacjenta. Poszukaj ulgi w chorobach przewlek\u0142ych lub zoptymalizuj swoje zdrowie i wydajno\u015b\u0107 z nami. Dbanie o zdrowie i dobre samopoczucie. Naszym celem jest stworzenie ciep\u0142ego i wspieraj\u0105cego \u015brodowiska, w kt\u00f3rym zdrowie i dobre samopoczucie s\u0105 najwa\u017cniejszymi priorytetami. Zaufaj nam, a pomo\u017cemy Ci osi\u0105gn\u0105\u0107 optymalne zdrowie i witalno\u015b\u0107.\" \/>\n<meta property=\"og:url\" content=\"https:\/\/bravermantest.com\/pl\/o\/\" \/>\n<meta property=\"og:site_name\" content=\"Bravermantest.com\" \/>\n<meta property=\"article:publisher\" content=\"https:\/\/www.facebook.com\/Bravermantest\" \/>\n<meta property=\"article:modified_time\" content=\"2024-12-12T19:05:34+00:00\" \/>\n<meta property=\"og:image\" content=\"https:\/\/bravermantest.com\/wp-content\/uploads\/2024\/04\/about_2-scaled-1.jpg\" \/>\n\t<meta property=\"og:image:width\" content=\"2560\" \/>\n\t<meta property=\"og:image:height\" content=\"1918\" \/>\n\t<meta property=\"og:image:type\" content=\"image\/jpeg\" \/>\n<meta name=\"twitter:card\" content=\"summary_large_image\" \/>\n<meta name=\"twitter:site\" content=\"@bravermantest\" \/>\n<meta name=\"twitter:label1\" content=\"Szacowany czas czytania\" \/>\n\t<meta name=\"twitter:data1\" content=\"1 minuta\" \/>\n<script type=\"application\/ld+json\" class=\"yoast-schema-graph\">{\"@context\":\"https:\/\/schema.org\",\"@graph\":[{\"@type\":\"WebPage\",\"@id\":\"https:\/\/bravermantest.com\/pl\/o\/\",\"url\":\"https:\/\/bravermantest.com\/pl\/o\/\",\"name\":\"O - Bravermantest.com\",\"isPartOf\":{\"@id\":\"https:\/\/bravermantest.com\/pl\/#website\"},\"primaryImageOfPage\":{\"@id\":\"https:\/\/bravermantest.com\/pl\/o\/#primaryimage\"},\"image\":{\"@id\":\"https:\/\/bravermantest.com\/pl\/o\/#primaryimage\"},\"thumbnailUrl\":\"https:\/\/bravermantest.com\/wp-content\/uploads\/2024\/04\/about_2-scaled-1-1024x767.jpg\",\"datePublished\":\"2023-04-07T06:47:42+00:00\",\"dateModified\":\"2024-12-12T19:05:34+00:00\",\"breadcrumb\":{\"@id\":\"https:\/\/bravermantest.com\/pl\/o\/#breadcrumb\"},\"inLanguage\":\"pl-PL\",\"potentialAction\":[{\"@type\":\"ReadAction\",\"target\":[\"https:\/\/bravermantest.com\/pl\/o\/\"]}]},{\"@type\":\"ImageObject\",\"inLanguage\":\"pl-PL\",\"@id\":\"https:\/\/bravermantest.com\/pl\/o\/#primaryimage\",\"url\":\"https:\/\/bravermantest.com\/wp-content\/uploads\/2024\/04\/about_2-scaled-1-1024x767.jpg\",\"contentUrl\":\"https:\/\/bravermantest.com\/wp-content\/uploads\/2024\/04\/about_2-scaled-1-1024x767.jpg\"},{\"@type\":\"BreadcrumbList\",\"@id\":\"https:\/\/bravermantest.com\/pl\/o\/#breadcrumb\",\"itemListElement\":[{\"@type\":\"ListItem\",\"position\":1,\"name\":\"Home\",\"item\":\"https:\/\/bravermantest.com\/pl\/strona-glowna\/\"},{\"@type\":\"ListItem\",\"position\":2,\"name\":\"O\"}]},{\"@type\":\"WebSite\",\"@id\":\"https:\/\/bravermantest.com\/pl\/#website\",\"url\":\"https:\/\/bravermantest.com\/pl\/\",\"name\":\"Bravermantest.com\",\"description\":\"\",\"publisher\":{\"@id\":\"https:\/\/bravermantest.com\/pl\/#organization\"},\"potentialAction\":[{\"@type\":\"SearchAction\",\"target\":{\"@type\":\"EntryPoint\",\"urlTemplate\":\"https:\/\/bravermantest.com\/pl\/?s={search_term_string}\"},\"query-input\":{\"@type\":\"PropertyValueSpecification\",\"valueRequired\":true,\"valueName\":\"search_term_string\"}}],\"inLanguage\":\"pl-PL\"},{\"@type\":\"Organization\",\"@id\":\"https:\/\/bravermantest.com\/pl\/#organization\",\"name\":\"Bravermantest.com\",\"url\":\"https:\/\/bravermantest.com\/pl\/\",\"logo\":{\"@type\":\"ImageObject\",\"inLanguage\":\"pl-PL\",\"@id\":\"https:\/\/bravermantest.com\/pl\/#\/schema\/logo\/image\/\",\"url\":\"https:\/\/bravermantest.com\/wp-content\/uploads\/2023\/04\/logo.svg\",\"contentUrl\":\"https:\/\/bravermantest.com\/wp-content\/uploads\/2023\/04\/logo.svg\",\"width\":540,\"height\":136,\"caption\":\"Bravermantest.com\"},\"image\":{\"@id\":\"https:\/\/bravermantest.com\/pl\/#\/schema\/logo\/image\/\"},\"sameAs\":[\"https:\/\/www.facebook.com\/Bravermantest\",\"https:\/\/x.com\/bravermantest\",\"https:\/\/www.instagram.com\/bravermantestnet\/\"]}]}<\/script>\n<!-- \/ Yoast SEO plugin. -->","yoast_head_json":{"title":"O - Bravermantest.com","robots":{"index":"index","follow":"follow","max-snippet":"max-snippet:-1","max-image-preview":"max-image-preview:large","max-video-preview":"max-video-preview:-1"},"canonical":"https:\/\/bravermantest.com\/pl\/o\/","og_locale":"pl_PL","og_type":"article","og_title":"O - Bravermantest.com","og_description":"O nas Ocena w\u0142a\u015bciwej medycyny integracyjnej dla Ciebie. Odkryj bardziej holistyczne podej\u015bcie do leczenia w Braverman Test. Nasze spersonalizowane rozwi\u0105zania w zakresie opieki zdrowotnej dotycz\u0105 przyczyn \u017ar\u00f3d\u0142owych, a nie tylko objaw\u00f3w. Poznaj korzy\u015bci p\u0142yn\u0105ce z medycyny integracyjnej ju\u017c dzi\u015b. Wnioski z naszej oceny. Oferujemy test Bravermana, kt\u00f3ry ocenia poziom neuroprzeka\u017anik\u00f3w w m\u00f3zgu. Ocenia on brak r\u00f3wnowagi w dopaminie, serotoninie, GABA i acetylocholinie, aby pom\u00f3c zidentyfikowa\u0107 czynniki przyczyniaj\u0105ce si\u0119 do zaburze\u0144 nastroju, zaburze\u0144 poznawczych i przewlek\u0142ego b\u00f3lu. W jaki spos\u00f3b pomo\u017ce ci to w drodze do opieki zdrowotnej. Naszym priorytetem jest edukacja i wzmacnianie pozycji pacjenta, wyja\u015bnianie wynik\u00f3w bada\u0144 i opcji leczenia w celu aktywnego uczestnictwa pacjenta. Poszukaj ulgi w chorobach przewlek\u0142ych lub zoptymalizuj swoje zdrowie i wydajno\u015b\u0107 z nami. Dbanie o zdrowie i dobre samopoczucie. Naszym celem jest stworzenie ciep\u0142ego i wspieraj\u0105cego \u015brodowiska, w kt\u00f3rym zdrowie i dobre samopoczucie s\u0105 najwa\u017cniejszymi priorytetami. Zaufaj nam, a pomo\u017cemy Ci osi\u0105gn\u0105\u0107 optymalne zdrowie i witalno\u015b\u0107.","og_url":"https:\/\/bravermantest.com\/pl\/o\/","og_site_name":"Bravermantest.com","article_publisher":"https:\/\/www.facebook.com\/Bravermantest","article_modified_time":"2024-12-12T19:05:34+00:00","og_image":[{"width":2560,"height":1918,"url":"https:\/\/bravermantest.com\/wp-content\/uploads\/2024\/04\/about_2-scaled-1.jpg","type":"image\/jpeg"}],"twitter_card":"summary_large_image","twitter_site":"@bravermantest","twitter_misc":{"Szacowany czas czytania":"1 minuta"},"schema":{"@context":"https:\/\/schema.org","@graph":[{"@type":"WebPage","@id":"https:\/\/bravermantest.com\/pl\/o\/","url":"https:\/\/bravermantest.com\/pl\/o\/","name":"O - Bravermantest.com","isPartOf":{"@id":"https:\/\/bravermantest.com\/pl\/#website"},"primaryImageOfPage":{"@id":"https:\/\/bravermantest.com\/pl\/o\/#primaryimage"},"image":{"@id":"https:\/\/bravermantest.com\/pl\/o\/#primaryimage"},"thumbnailUrl":"https:\/\/bravermantest.com\/wp-content\/uploads\/2024\/04\/about_2-scaled-1-1024x767.jpg","datePublished":"2023-04-07T06:47:42+00:00","dateModified":"2024-12-12T19:05:34+00:00","breadcrumb":{"@id":"https:\/\/bravermantest.com\/pl\/o\/#breadcrumb"},"inLanguage":"pl-PL","potentialAction":[{"@type":"ReadAction","target":["https:\/\/bravermantest.com\/pl\/o\/"]}]},{"@type":"ImageObject","inLanguage":"pl-PL","@id":"https:\/\/bravermantest.com\/pl\/o\/#primaryimage","url":"https:\/\/bravermantest.com\/wp-content\/uploads\/2024\/04\/about_2-scaled-1-1024x767.jpg","contentUrl":"https:\/\/bravermantest.com\/wp-content\/uploads\/2024\/04\/about_2-scaled-1-1024x767.jpg"},{"@type":"BreadcrumbList","@id":"https:\/\/bravermantest.com\/pl\/o\/#breadcrumb","itemListElement":[{"@type":"ListItem","position":1,"name":"Home","item":"https:\/\/bravermantest.com\/pl\/strona-glowna\/"},{"@type":"ListItem","position":2,"name":"O"}]},{"@type":"WebSite","@id":"https:\/\/bravermantest.com\/pl\/#website","url":"https:\/\/bravermantest.com\/pl\/","name":"Bravermantest.com","description":"","publisher":{"@id":"https:\/\/bravermantest.com\/pl\/#organization"},"potentialAction":[{"@type":"SearchAction","target":{"@type":"EntryPoint","urlTemplate":"https:\/\/bravermantest.com\/pl\/?s={search_term_string}"},"query-input":{"@type":"PropertyValueSpecification","valueRequired":true,"valueName":"search_term_string"}}],"inLanguage":"pl-PL"},{"@type":"Organization","@id":"https:\/\/bravermantest.com\/pl\/#organization","name":"Bravermantest.com","url":"https:\/\/bravermantest.com\/pl\/","logo":{"@type":"ImageObject","inLanguage":"pl-PL","@id":"https:\/\/bravermantest.com\/pl\/#\/schema\/logo\/image\/","url":"https:\/\/bravermantest.com\/wp-content\/uploads\/2023\/04\/logo.svg","contentUrl":"https:\/\/bravermantest.com\/wp-content\/uploads\/2023\/04\/logo.svg","width":540,"height":136,"caption":"Bravermantest.com"},"image":{"@id":"https:\/\/bravermantest.com\/pl\/#\/schema\/logo\/image\/"},"sameAs":["https:\/\/www.facebook.com\/Bravermantest","https:\/\/x.com\/bravermantest","https:\/\/www.instagram.com\/bravermantestnet\/"]}]}},"_links":{"self":[{"href":"https:\/\/bravermantest.com\/pl\/wp-json\/wp\/v2\/pages\/5706","targetHints":{"allow":["GET"]}}],"collection":[{"href":"https:\/\/bravermantest.com\/pl\/wp-json\/wp\/v2\/pages"}],"about":[{"href":"https:\/\/bravermantest.com\/pl\/wp-json\/wp\/v2\/types\/page"}],"author":[{"embeddable":true,"href":"https:\/\/bravermantest.com\/pl\/wp-json\/wp\/v2\/users\/1"}],"replies":[{"embeddable":true,"href":"https:\/\/bravermantest.com\/pl\/wp-json\/wp\/v2\/comments?post=5706"}],"version-history":[{"count":1,"href":"https:\/\/bravermantest.com\/pl\/wp-json\/wp\/v2\/pages\/5706\/revisions"}],"predecessor-version":[{"id":5719,"href":"https:\/\/bravermantest.com\/pl\/wp-json\/wp\/v2\/pages\/5706\/revisions\/5719"}],"wp:attachment":[{"href":"https:\/\/bravermantest.com\/pl\/wp-json\/wp\/v2\/media?parent=5706"}],"curies":[{"name":"wp","href":"https:\/\/api.w.org\/{rel}","templated":true}]}}