{"id":5349,"date":"2023-04-07T08:47:42","date_gmt":"2023-04-07T06:47:42","guid":{"rendered":"https:\/\/bravermantest.com\/a-propos\/"},"modified":"2024-08-11T04:47:04","modified_gmt":"2024-08-11T02:47:04","slug":"a-propos","status":"publish","type":"page","link":"https:\/\/bravermantest.com\/fr\/a-propos\/","title":{"rendered":"\u00c0 propos"},"content":{"rendered":"\t\t<div data-elementor-type=\"wp-page\" data-elementor-id=\"5349\" class=\"elementor elementor-5349 elementor-748\" data-elementor-post-type=\"page\">\n\t\t\t\t\t\t<section class=\"elementor-section elementor-top-section elementor-element elementor-element-eaff33e elementor-section-boxed elementor-section-height-default elementor-section-height-default wpr-particle-no wpr-jarallax-no wpr-sticky-section-no\" data-id=\"eaff33e\" data-element_type=\"section\" data-e-type=\"section\">\n\t\t\t\t\t\t\t<div class=\"elementor-background-overlay\"><\/div>\n\t\t\t\t\t\t\t<div class=\"elementor-container elementor-column-gap-default\">\n\t\t\t\t\t<div class=\"elementor-column elementor-col-100 elementor-top-column elementor-element elementor-element-c932e84\" data-id=\"c932e84\" data-element_type=\"column\" data-e-type=\"column\">\n\t\t\t<div class=\"elementor-widget-wrap elementor-element-populated\">\n\t\t\t\t\t\t<div class=\"elementor-element elementor-element-c83b07e elementor-widget elementor-widget-heading\" data-id=\"c83b07e\" data-element_type=\"widget\" data-e-type=\"widget\" data-widget_type=\"heading.default\">\n\t\t\t\t<div class=\"elementor-widget-container\">\n\t\t\t\t\t<h2 class=\"elementor-heading-title elementor-size-default\">A propos de nous<\/h2>\t\t\t\t<\/div>\n\t\t\t\t<\/div>\n\t\t\t\t\t<\/div>\n\t\t<\/div>\n\t\t\t\t\t<\/div>\n\t\t<\/section>\n\t\t\t\t<section class=\"elementor-section elementor-top-section elementor-element elementor-element-97e2d39 elementor-section-boxed elementor-section-height-default elementor-section-height-default wpr-particle-no wpr-jarallax-no wpr-parallax-no wpr-sticky-section-no\" data-id=\"97e2d39\" data-element_type=\"section\" data-e-type=\"section\">\n\t\t\t\t\t\t<div class=\"elementor-container elementor-column-gap-wide\">\n\t\t\t\t\t<div class=\"elementor-column elementor-col-100 elementor-top-column elementor-element elementor-element-2d358bf elementor-invisible\" data-id=\"2d358bf\" data-element_type=\"column\" data-e-type=\"column\" data-settings=\"{&quot;background_background&quot;:&quot;classic&quot;,&quot;animation&quot;:&quot;slideInLeft&quot;}\">\n\t\t\t<div class=\"elementor-widget-wrap elementor-element-populated\">\n\t\t\t\t\t\t<div class=\"elementor-element elementor-element-012a904 elementor-widget elementor-widget-text-editor\" data-id=\"012a904\" data-element_type=\"widget\" data-e-type=\"widget\" data-widget_type=\"text-editor.default\">\n\t\t\t\t<div class=\"elementor-widget-container\">\n\t\t\t\t\t\t\t\t\t<h2>\u00c9valuer la m\u00e9decine int\u00e9grative qui vous convient.<\/h2>\n<p>D\u00e9couvrez une approche plus holistique de la gu\u00e9rison au Braverman Test. Nos solutions de sant\u00e9 personnalis\u00e9es s&rsquo;attaquent aux causes profondes, et pas seulement aux sympt\u00f4mes. D\u00e9couvrez d\u00e8s aujourd&rsquo;hui les avantages de la m\u00e9decine int\u00e9grative.<\/p>\n\t\t\t\t\t\t\t\t<\/div>\n\t\t\t\t<\/div>\n\t\t\t\t\t<\/div>\n\t\t<\/div>\n\t\t\t\t\t<\/div>\n\t\t<\/section>\n\t\t\t\t<section class=\"elementor-section elementor-top-section elementor-element elementor-element-4f6edf0 elementor-section-boxed elementor-section-height-default elementor-section-height-default wpr-particle-no wpr-jarallax-no wpr-parallax-no wpr-sticky-section-no\" data-id=\"4f6edf0\" data-element_type=\"section\" data-e-type=\"section\">\n\t\t\t\t\t\t<div class=\"elementor-container elementor-column-gap-wide\">\n\t\t\t\t\t<div class=\"elementor-column elementor-col-50 elementor-top-column elementor-element elementor-element-47bdcad\" data-id=\"47bdcad\" data-element_type=\"column\" data-e-type=\"column\">\n\t\t\t<div class=\"elementor-widget-wrap elementor-element-populated\">\n\t\t\t\t\t\t<div class=\"elementor-element elementor-element-b43985f elementor-widget elementor-widget-image\" data-id=\"b43985f\" data-element_type=\"widget\" data-e-type=\"widget\" data-widget_type=\"image.default\">\n\t\t\t\t<div class=\"elementor-widget-container\">\n\t\t\t\t\t\t\t\t\t\t\t\t\t\t\t<img fetchpriority=\"high\" decoding=\"async\" width=\"960\" height=\"719\" src=\"https:\/\/bravermantest.com\/wp-content\/uploads\/2024\/04\/about_2-scaled-1-1024x767.jpg\" class=\"attachment-large size-large wp-image-5359\" alt=\"\" srcset=\"https:\/\/bravermantest.com\/wp-content\/uploads\/2024\/04\/about_2-scaled-1-1024x767.jpg 1024w, https:\/\/bravermantest.com\/wp-content\/uploads\/2024\/04\/about_2-scaled-1-300x225.jpg 300w, https:\/\/bravermantest.com\/wp-content\/uploads\/2024\/04\/about_2-scaled-1-768x575.jpg 768w, https:\/\/bravermantest.com\/wp-content\/uploads\/2024\/04\/about_2-scaled-1-1536x1151.jpg 1536w, https:\/\/bravermantest.com\/wp-content\/uploads\/2024\/04\/about_2-scaled-1-2048x1534.jpg 2048w\" sizes=\"(max-width: 960px) 100vw, 960px\" \/>\t\t\t\t\t\t\t\t\t\t\t\t\t\t\t<\/div>\n\t\t\t\t<\/div>\n\t\t\t\t\t<\/div>\n\t\t<\/div>\n\t\t\t\t<div class=\"elementor-column elementor-col-50 elementor-top-column elementor-element elementor-element-634ef68 elementor-invisible\" data-id=\"634ef68\" data-element_type=\"column\" data-e-type=\"column\" data-settings=\"{&quot;background_background&quot;:&quot;classic&quot;,&quot;animation&quot;:&quot;slideInRight&quot;}\">\n\t\t\t<div class=\"elementor-widget-wrap elementor-element-populated\">\n\t\t\t\t\t\t<div class=\"elementor-element elementor-element-e1acdc5 elementor-widget elementor-widget-text-editor\" data-id=\"e1acdc5\" data-element_type=\"widget\" data-e-type=\"widget\" data-widget_type=\"text-editor.default\">\n\t\t\t\t<div class=\"elementor-widget-container\">\n\t\t\t\t\t\t\t\t\t\n<h2>Les enseignements de notre \u00e9valuation.<\/h2> Nous proposons le test de Braverman, qui \u00e9value les niveaux de neurotransmetteurs dans le cerveau. Il \u00e9value les d\u00e9s\u00e9quilibres des niveaux de dopamine, de s\u00e9rotonine, de GABA et d&rsquo;ac\u00e9tylcholine pour aider \u00e0 identifier les facteurs contribuant aux troubles de l&rsquo;humeur, aux probl\u00e8mes cognitifs et \u00e0 la douleur chronique. \t\t\t\t\t\t\t\t<\/div>\n\t\t\t\t<\/div>\n\t\t\t\t\t<\/div>\n\t\t<\/div>\n\t\t\t\t\t<\/div>\n\t\t<\/section>\n\t\t\t\t<section class=\"elementor-section elementor-top-section elementor-element elementor-element-af88a70 elementor-section-boxed elementor-section-height-default elementor-section-height-default wpr-particle-no wpr-jarallax-no wpr-parallax-no wpr-sticky-section-no\" data-id=\"af88a70\" data-element_type=\"section\" data-e-type=\"section\">\n\t\t\t\t\t\t<div class=\"elementor-container elementor-column-gap-wide\">\n\t\t\t\t\t<div class=\"elementor-column elementor-col-100 elementor-top-column elementor-element elementor-element-1331fe9 elementor-invisible\" data-id=\"1331fe9\" data-element_type=\"column\" data-e-type=\"column\" data-settings=\"{&quot;background_background&quot;:&quot;classic&quot;,&quot;animation&quot;:&quot;slideInLeft&quot;}\">\n\t\t\t<div class=\"elementor-widget-wrap elementor-element-populated\">\n\t\t\t\t\t\t<div class=\"elementor-element elementor-element-fdbb04a elementor-widget elementor-widget-text-editor\" data-id=\"fdbb04a\" data-element_type=\"widget\" data-e-type=\"widget\" data-widget_type=\"text-editor.default\">\n\t\t\t\t<div class=\"elementor-widget-container\">\n\t\t\t\t\t\t\t\t\t\n<h2>Comment cela vous aidera dans votre parcours de sant\u00e9.<\/h2> Nous donnons la priorit\u00e9 \u00e0 l&rsquo;\u00e9ducation et \u00e0 la responsabilisation des patients, en expliquant les r\u00e9sultats des tests et les options de traitement pour une participation active du patient. Soulagez vos maladies chroniques ou optimisez votre sant\u00e9 et vos performances gr\u00e2ce \u00e0 nous. \t\t\t\t\t\t\t\t<\/div>\n\t\t\t\t<\/div>\n\t\t\t\t\t<\/div>\n\t\t<\/div>\n\t\t\t\t\t<\/div>\n\t\t<\/section>\n\t\t\t\t<section class=\"elementor-section elementor-top-section elementor-element elementor-element-d6b2a9d elementor-reverse-tablet elementor-reverse-mobile elementor-section-boxed elementor-section-height-default elementor-section-height-default wpr-particle-no wpr-jarallax-no wpr-parallax-no wpr-sticky-section-no\" data-id=\"d6b2a9d\" data-element_type=\"section\" data-e-type=\"section\">\n\t\t\t\t\t\t<div class=\"elementor-container elementor-column-gap-wide\">\n\t\t\t\t\t<div class=\"elementor-column elementor-col-50 elementor-top-column elementor-element elementor-element-14950e9 elementor-invisible\" data-id=\"14950e9\" data-element_type=\"column\" data-e-type=\"column\" data-settings=\"{&quot;background_background&quot;:&quot;classic&quot;,&quot;animation&quot;:&quot;slideInRight&quot;}\">\n\t\t\t<div class=\"elementor-widget-wrap elementor-element-populated\">\n\t\t\t\t\t\t<div class=\"elementor-element elementor-element-1954d28 elementor-widget elementor-widget-text-editor\" data-id=\"1954d28\" data-element_type=\"widget\" data-e-type=\"widget\" data-widget_type=\"text-editor.default\">\n\t\t\t\t<div class=\"elementor-widget-container\">\n\t\t\t\t\t\t\t\t\t<h2>Prendre soin de votre sant\u00e9 et de votre bien-\u00eatre.<\/h2>\n<p>Nous nous effor\u00e7ons de cr\u00e9er un environnement chaleureux et favorable o\u00f9 votre sant\u00e9 et votre bien-\u00eatre sont des priorit\u00e9s absolues. Faites-nous confiance pour vous aider \u00e0 atteindre une sant\u00e9 et une vitalit\u00e9 optimales.<\/p>\n\t\t\t\t\t\t\t\t<\/div>\n\t\t\t\t<\/div>\n\t\t\t\t\t<\/div>\n\t\t<\/div>\n\t\t\t\t<div class=\"elementor-column elementor-col-50 elementor-top-column elementor-element elementor-element-caa1c45\" data-id=\"caa1c45\" data-element_type=\"column\" data-e-type=\"column\">\n\t\t\t<div class=\"elementor-widget-wrap elementor-element-populated\">\n\t\t\t\t\t\t<div class=\"elementor-element elementor-element-0a232c8 elementor-widget elementor-widget-image\" data-id=\"0a232c8\" data-element_type=\"widget\" data-e-type=\"widget\" data-widget_type=\"image.default\">\n\t\t\t\t<div class=\"elementor-widget-container\">\n\t\t\t\t\t\t\t\t\t\t\t\t\t\t\t<img decoding=\"async\" width=\"960\" height=\"641\" src=\"https:\/\/bravermantest.com\/wp-content\/uploads\/2024\/04\/about_4-scaled-1-1024x684.jpg\" class=\"attachment-large size-large wp-image-5361\" alt=\"\" srcset=\"https:\/\/bravermantest.com\/wp-content\/uploads\/2024\/04\/about_4-scaled-1-1024x684.jpg 1024w, https:\/\/bravermantest.com\/wp-content\/uploads\/2024\/04\/about_4-scaled-1-300x200.jpg 300w, https:\/\/bravermantest.com\/wp-content\/uploads\/2024\/04\/about_4-scaled-1-768x513.jpg 768w, https:\/\/bravermantest.com\/wp-content\/uploads\/2024\/04\/about_4-scaled-1-1536x1025.jpg 1536w, https:\/\/bravermantest.com\/wp-content\/uploads\/2024\/04\/about_4-scaled-1-2048x1367.jpg 2048w\" sizes=\"(max-width: 960px) 100vw, 960px\" \/>\t\t\t\t\t\t\t\t\t\t\t\t\t\t\t<\/div>\n\t\t\t\t<\/div>\n\t\t\t\t\t<\/div>\n\t\t<\/div>\n\t\t\t\t\t<\/div>\n\t\t<\/section>\n\t\t\t\t<\/div>\n\t\t","protected":false},"excerpt":{"rendered":"<p>A propos de nous \u00c9valuer la m\u00e9decine int\u00e9grative qui vous convient. D\u00e9couvrez une approche plus holistique de la gu\u00e9rison au Braverman Test. Nos solutions de sant\u00e9 personnalis\u00e9es s&rsquo;attaquent aux causes profondes, et pas seulement aux sympt\u00f4mes. D\u00e9couvrez d\u00e8s aujourd&rsquo;hui les avantages de la m\u00e9decine int\u00e9grative. Les enseignements de notre \u00e9valuation. Nous proposons le test de Braverman, qui \u00e9value les niveaux de neurotransmetteurs dans le cerveau. Il \u00e9value les d\u00e9s\u00e9quilibres des niveaux de dopamine, de s\u00e9rotonine, de GABA et d&rsquo;ac\u00e9tylcholine pour aider \u00e0 identifier les facteurs contribuant aux troubles de l&rsquo;humeur, aux probl\u00e8mes cognitifs et \u00e0 la douleur chronique. Comment cela vous aidera dans votre parcours de sant\u00e9. Nous donnons la priorit\u00e9 \u00e0 l&rsquo;\u00e9ducation et \u00e0 la responsabilisation des patients, en expliquant les r\u00e9sultats des tests et les options de traitement pour une participation active du patient. Soulagez vos maladies chroniques ou optimisez votre sant\u00e9 et vos performances gr\u00e2ce \u00e0 nous. Prendre soin de votre sant\u00e9 et de votre bien-\u00eatre. Nous nous effor\u00e7ons de cr\u00e9er un environnement chaleureux et favorable o\u00f9 votre sant\u00e9 et votre bien-\u00eatre sont des priorit\u00e9s absolues. Faites-nous confiance pour vous aider \u00e0 atteindre une sant\u00e9 et une vitalit\u00e9 optimales.<\/p>\n","protected":false},"author":1,"featured_media":0,"parent":0,"menu_order":0,"comment_status":"closed","ping_status":"closed","template":"elementor_header_footer","meta":{"footnotes":""},"class_list":["post-5349","page","type-page","status-publish","hentry"],"yoast_head":"<!-- This site is optimized with the Yoast SEO plugin v25.3 - https:\/\/yoast.com\/wordpress\/plugins\/seo\/ -->\n<title>\u00c0 propos - Bravermantest.com<\/title>\n<meta name=\"robots\" content=\"index, follow, max-snippet:-1, max-image-preview:large, max-video-preview:-1\" \/>\n<link rel=\"canonical\" href=\"https:\/\/bravermantest.com\/fr\/a-propos\/\" \/>\n<meta property=\"og:locale\" content=\"fr_FR\" \/>\n<meta property=\"og:type\" content=\"article\" \/>\n<meta property=\"og:title\" content=\"\u00c0 propos - Bravermantest.com\" \/>\n<meta property=\"og:description\" content=\"A propos de nous \u00c9valuer la m\u00e9decine int\u00e9grative qui vous convient. D\u00e9couvrez une approche plus holistique de la gu\u00e9rison au Braverman Test. Nos solutions de sant\u00e9 personnalis\u00e9es s&rsquo;attaquent aux causes profondes, et pas seulement aux sympt\u00f4mes. D\u00e9couvrez d\u00e8s aujourd&rsquo;hui les avantages de la m\u00e9decine int\u00e9grative. Les enseignements de notre \u00e9valuation. Nous proposons le test de Braverman, qui \u00e9value les niveaux de neurotransmetteurs dans le cerveau. Il \u00e9value les d\u00e9s\u00e9quilibres des niveaux de dopamine, de s\u00e9rotonine, de GABA et d&rsquo;ac\u00e9tylcholine pour aider \u00e0 identifier les facteurs contribuant aux troubles de l&rsquo;humeur, aux probl\u00e8mes cognitifs et \u00e0 la douleur chronique. Comment cela vous aidera dans votre parcours de sant\u00e9. Nous donnons la priorit\u00e9 \u00e0 l&rsquo;\u00e9ducation et \u00e0 la responsabilisation des patients, en expliquant les r\u00e9sultats des tests et les options de traitement pour une participation active du patient. Soulagez vos maladies chroniques ou optimisez votre sant\u00e9 et vos performances gr\u00e2ce \u00e0 nous. Prendre soin de votre sant\u00e9 et de votre bien-\u00eatre. Nous nous effor\u00e7ons de cr\u00e9er un environnement chaleureux et favorable o\u00f9 votre sant\u00e9 et votre bien-\u00eatre sont des priorit\u00e9s absolues. Faites-nous confiance pour vous aider \u00e0 atteindre une sant\u00e9 et une vitalit\u00e9 optimales.\" \/>\n<meta property=\"og:url\" content=\"https:\/\/bravermantest.com\/fr\/a-propos\/\" \/>\n<meta property=\"og:site_name\" content=\"Bravermantest.com\" \/>\n<meta property=\"article:publisher\" content=\"https:\/\/www.facebook.com\/Bravermantest\" \/>\n<meta property=\"article:modified_time\" content=\"2024-08-11T02:47:04+00:00\" \/>\n<meta property=\"og:image\" content=\"https:\/\/bravermantest.com\/wp-content\/uploads\/2024\/04\/about_2-scaled-1-1024x767.jpg\" \/>\n<meta name=\"twitter:card\" content=\"summary_large_image\" \/>\n<meta name=\"twitter:site\" content=\"@bravermantest\" \/>\n<meta name=\"twitter:label1\" content=\"Dur\u00e9e de lecture estim\u00e9e\" \/>\n\t<meta name=\"twitter:data1\" content=\"1 minute\" \/>\n<script type=\"application\/ld+json\" class=\"yoast-schema-graph\">{\"@context\":\"https:\/\/schema.org\",\"@graph\":[{\"@type\":\"WebPage\",\"@id\":\"https:\/\/bravermantest.com\/fr\/a-propos\/\",\"url\":\"https:\/\/bravermantest.com\/fr\/a-propos\/\",\"name\":\"\u00c0 propos - Bravermantest.com\",\"isPartOf\":{\"@id\":\"https:\/\/bravermantest.com\/fr\/#website\"},\"primaryImageOfPage\":{\"@id\":\"https:\/\/bravermantest.com\/fr\/a-propos\/#primaryimage\"},\"image\":{\"@id\":\"https:\/\/bravermantest.com\/fr\/a-propos\/#primaryimage\"},\"thumbnailUrl\":\"https:\/\/bravermantest.com\/wp-content\/uploads\/2024\/04\/about_2-scaled-1-1024x767.jpg\",\"datePublished\":\"2023-04-07T06:47:42+00:00\",\"dateModified\":\"2024-08-11T02:47:04+00:00\",\"breadcrumb\":{\"@id\":\"https:\/\/bravermantest.com\/fr\/a-propos\/#breadcrumb\"},\"inLanguage\":\"fr-FR\",\"potentialAction\":[{\"@type\":\"ReadAction\",\"target\":[\"https:\/\/bravermantest.com\/fr\/a-propos\/\"]}]},{\"@type\":\"ImageObject\",\"inLanguage\":\"fr-FR\",\"@id\":\"https:\/\/bravermantest.com\/fr\/a-propos\/#primaryimage\",\"url\":\"https:\/\/bravermantest.com\/wp-content\/uploads\/2024\/04\/about_2-scaled-1-1024x767.jpg\",\"contentUrl\":\"https:\/\/bravermantest.com\/wp-content\/uploads\/2024\/04\/about_2-scaled-1-1024x767.jpg\"},{\"@type\":\"BreadcrumbList\",\"@id\":\"https:\/\/bravermantest.com\/fr\/a-propos\/#breadcrumb\",\"itemListElement\":[{\"@type\":\"ListItem\",\"position\":1,\"name\":\"Home\",\"item\":\"https:\/\/bravermantest.com\/fr\/accueil\/\"},{\"@type\":\"ListItem\",\"position\":2,\"name\":\"\u00c0 propos\"}]},{\"@type\":\"WebSite\",\"@id\":\"https:\/\/bravermantest.com\/fr\/#website\",\"url\":\"https:\/\/bravermantest.com\/fr\/\",\"name\":\"Bravermantest.com\",\"description\":\"\",\"publisher\":{\"@id\":\"https:\/\/bravermantest.com\/fr\/#organization\"},\"potentialAction\":[{\"@type\":\"SearchAction\",\"target\":{\"@type\":\"EntryPoint\",\"urlTemplate\":\"https:\/\/bravermantest.com\/fr\/?s={search_term_string}\"},\"query-input\":{\"@type\":\"PropertyValueSpecification\",\"valueRequired\":true,\"valueName\":\"search_term_string\"}}],\"inLanguage\":\"fr-FR\"},{\"@type\":\"Organization\",\"@id\":\"https:\/\/bravermantest.com\/fr\/#organization\",\"name\":\"Bravermantest.com\",\"url\":\"https:\/\/bravermantest.com\/fr\/\",\"logo\":{\"@type\":\"ImageObject\",\"inLanguage\":\"fr-FR\",\"@id\":\"https:\/\/bravermantest.com\/fr\/#\/schema\/logo\/image\/\",\"url\":\"https:\/\/bravermantest.com\/wp-content\/uploads\/2023\/04\/logo.svg\",\"contentUrl\":\"https:\/\/bravermantest.com\/wp-content\/uploads\/2023\/04\/logo.svg\",\"width\":540,\"height\":136,\"caption\":\"Bravermantest.com\"},\"image\":{\"@id\":\"https:\/\/bravermantest.com\/fr\/#\/schema\/logo\/image\/\"},\"sameAs\":[\"https:\/\/www.facebook.com\/Bravermantest\",\"https:\/\/x.com\/bravermantest\",\"https:\/\/www.instagram.com\/bravermantestnet\/\"]}]}<\/script>\n<!-- \/ Yoast SEO plugin. -->","yoast_head_json":{"title":"\u00c0 propos - Bravermantest.com","robots":{"index":"index","follow":"follow","max-snippet":"max-snippet:-1","max-image-preview":"max-image-preview:large","max-video-preview":"max-video-preview:-1"},"canonical":"https:\/\/bravermantest.com\/fr\/a-propos\/","og_locale":"fr_FR","og_type":"article","og_title":"\u00c0 propos - Bravermantest.com","og_description":"A propos de nous \u00c9valuer la m\u00e9decine int\u00e9grative qui vous convient. D\u00e9couvrez une approche plus holistique de la gu\u00e9rison au Braverman Test. Nos solutions de sant\u00e9 personnalis\u00e9es s&rsquo;attaquent aux causes profondes, et pas seulement aux sympt\u00f4mes. D\u00e9couvrez d\u00e8s aujourd&rsquo;hui les avantages de la m\u00e9decine int\u00e9grative. Les enseignements de notre \u00e9valuation. Nous proposons le test de Braverman, qui \u00e9value les niveaux de neurotransmetteurs dans le cerveau. Il \u00e9value les d\u00e9s\u00e9quilibres des niveaux de dopamine, de s\u00e9rotonine, de GABA et d&rsquo;ac\u00e9tylcholine pour aider \u00e0 identifier les facteurs contribuant aux troubles de l&rsquo;humeur, aux probl\u00e8mes cognitifs et \u00e0 la douleur chronique. Comment cela vous aidera dans votre parcours de sant\u00e9. Nous donnons la priorit\u00e9 \u00e0 l&rsquo;\u00e9ducation et \u00e0 la responsabilisation des patients, en expliquant les r\u00e9sultats des tests et les options de traitement pour une participation active du patient. Soulagez vos maladies chroniques ou optimisez votre sant\u00e9 et vos performances gr\u00e2ce \u00e0 nous. Prendre soin de votre sant\u00e9 et de votre bien-\u00eatre. Nous nous effor\u00e7ons de cr\u00e9er un environnement chaleureux et favorable o\u00f9 votre sant\u00e9 et votre bien-\u00eatre sont des priorit\u00e9s absolues. Faites-nous confiance pour vous aider \u00e0 atteindre une sant\u00e9 et une vitalit\u00e9 optimales.","og_url":"https:\/\/bravermantest.com\/fr\/a-propos\/","og_site_name":"Bravermantest.com","article_publisher":"https:\/\/www.facebook.com\/Bravermantest","article_modified_time":"2024-08-11T02:47:04+00:00","og_image":[{"url":"https:\/\/bravermantest.com\/wp-content\/uploads\/2024\/04\/about_2-scaled-1-1024x767.jpg","type":"","width":"","height":""}],"twitter_card":"summary_large_image","twitter_site":"@bravermantest","twitter_misc":{"Dur\u00e9e de lecture estim\u00e9e":"1 minute"},"schema":{"@context":"https:\/\/schema.org","@graph":[{"@type":"WebPage","@id":"https:\/\/bravermantest.com\/fr\/a-propos\/","url":"https:\/\/bravermantest.com\/fr\/a-propos\/","name":"\u00c0 propos - Bravermantest.com","isPartOf":{"@id":"https:\/\/bravermantest.com\/fr\/#website"},"primaryImageOfPage":{"@id":"https:\/\/bravermantest.com\/fr\/a-propos\/#primaryimage"},"image":{"@id":"https:\/\/bravermantest.com\/fr\/a-propos\/#primaryimage"},"thumbnailUrl":"https:\/\/bravermantest.com\/wp-content\/uploads\/2024\/04\/about_2-scaled-1-1024x767.jpg","datePublished":"2023-04-07T06:47:42+00:00","dateModified":"2024-08-11T02:47:04+00:00","breadcrumb":{"@id":"https:\/\/bravermantest.com\/fr\/a-propos\/#breadcrumb"},"inLanguage":"fr-FR","potentialAction":[{"@type":"ReadAction","target":["https:\/\/bravermantest.com\/fr\/a-propos\/"]}]},{"@type":"ImageObject","inLanguage":"fr-FR","@id":"https:\/\/bravermantest.com\/fr\/a-propos\/#primaryimage","url":"https:\/\/bravermantest.com\/wp-content\/uploads\/2024\/04\/about_2-scaled-1-1024x767.jpg","contentUrl":"https:\/\/bravermantest.com\/wp-content\/uploads\/2024\/04\/about_2-scaled-1-1024x767.jpg"},{"@type":"BreadcrumbList","@id":"https:\/\/bravermantest.com\/fr\/a-propos\/#breadcrumb","itemListElement":[{"@type":"ListItem","position":1,"name":"Home","item":"https:\/\/bravermantest.com\/fr\/accueil\/"},{"@type":"ListItem","position":2,"name":"\u00c0 propos"}]},{"@type":"WebSite","@id":"https:\/\/bravermantest.com\/fr\/#website","url":"https:\/\/bravermantest.com\/fr\/","name":"Bravermantest.com","description":"","publisher":{"@id":"https:\/\/bravermantest.com\/fr\/#organization"},"potentialAction":[{"@type":"SearchAction","target":{"@type":"EntryPoint","urlTemplate":"https:\/\/bravermantest.com\/fr\/?s={search_term_string}"},"query-input":{"@type":"PropertyValueSpecification","valueRequired":true,"valueName":"search_term_string"}}],"inLanguage":"fr-FR"},{"@type":"Organization","@id":"https:\/\/bravermantest.com\/fr\/#organization","name":"Bravermantest.com","url":"https:\/\/bravermantest.com\/fr\/","logo":{"@type":"ImageObject","inLanguage":"fr-FR","@id":"https:\/\/bravermantest.com\/fr\/#\/schema\/logo\/image\/","url":"https:\/\/bravermantest.com\/wp-content\/uploads\/2023\/04\/logo.svg","contentUrl":"https:\/\/bravermantest.com\/wp-content\/uploads\/2023\/04\/logo.svg","width":540,"height":136,"caption":"Bravermantest.com"},"image":{"@id":"https:\/\/bravermantest.com\/fr\/#\/schema\/logo\/image\/"},"sameAs":["https:\/\/www.facebook.com\/Bravermantest","https:\/\/x.com\/bravermantest","https:\/\/www.instagram.com\/bravermantestnet\/"]}]}},"_links":{"self":[{"href":"https:\/\/bravermantest.com\/fr\/wp-json\/wp\/v2\/pages\/5349","targetHints":{"allow":["GET"]}}],"collection":[{"href":"https:\/\/bravermantest.com\/fr\/wp-json\/wp\/v2\/pages"}],"about":[{"href":"https:\/\/bravermantest.com\/fr\/wp-json\/wp\/v2\/types\/page"}],"author":[{"embeddable":true,"href":"https:\/\/bravermantest.com\/fr\/wp-json\/wp\/v2\/users\/1"}],"replies":[{"embeddable":true,"href":"https:\/\/bravermantest.com\/fr\/wp-json\/wp\/v2\/comments?post=5349"}],"version-history":[{"count":1,"href":"https:\/\/bravermantest.com\/fr\/wp-json\/wp\/v2\/pages\/5349\/revisions"}],"predecessor-version":[{"id":5362,"href":"https:\/\/bravermantest.com\/fr\/wp-json\/wp\/v2\/pages\/5349\/revisions\/5362"}],"wp:attachment":[{"href":"https:\/\/bravermantest.com\/fr\/wp-json\/wp\/v2\/media?parent=5349"}],"curies":[{"name":"wp","href":"https:\/\/api.w.org\/{rel}","templated":true}]}}