{"id":5042,"date":"2023-04-07T08:47:42","date_gmt":"2023-04-07T06:47:42","guid":{"rendered":"https:\/\/bravermantest.com\/acerca-de\/"},"modified":"2024-07-09T16:30:19","modified_gmt":"2024-07-09T14:30:19","slug":"acerca-de","status":"publish","type":"page","link":"https:\/\/bravermantest.com\/es\/acerca-de\/","title":{"rendered":"Acerca de"},"content":{"rendered":"\t\t<div data-elementor-type=\"wp-page\" data-elementor-id=\"5042\" class=\"elementor elementor-5042 elementor-748\" data-elementor-post-type=\"page\">\n\t\t\t\t\t\t<section class=\"elementor-section elementor-top-section elementor-element elementor-element-eaff33e elementor-section-boxed elementor-section-height-default elementor-section-height-default wpr-particle-no wpr-jarallax-no wpr-sticky-section-no\" data-id=\"eaff33e\" data-element_type=\"section\" data-e-type=\"section\">\n\t\t\t\t\t\t\t<div class=\"elementor-background-overlay\"><\/div>\n\t\t\t\t\t\t\t<div class=\"elementor-container elementor-column-gap-default\">\n\t\t\t\t\t<div class=\"elementor-column elementor-col-100 elementor-top-column elementor-element elementor-element-c932e84\" data-id=\"c932e84\" data-element_type=\"column\" data-e-type=\"column\">\n\t\t\t<div class=\"elementor-widget-wrap elementor-element-populated\">\n\t\t\t\t\t\t<div class=\"elementor-element elementor-element-c83b07e elementor-widget elementor-widget-heading\" data-id=\"c83b07e\" data-element_type=\"widget\" data-e-type=\"widget\" data-widget_type=\"heading.default\">\n\t\t\t\t<div class=\"elementor-widget-container\">\n\t\t\t\t\t<h2 class=\"elementor-heading-title elementor-size-default\">Qui\u00e9nes somos<\/h2>\t\t\t\t<\/div>\n\t\t\t\t<\/div>\n\t\t\t\t\t<\/div>\n\t\t<\/div>\n\t\t\t\t\t<\/div>\n\t\t<\/section>\n\t\t\t\t<section class=\"elementor-section elementor-top-section elementor-element elementor-element-97e2d39 elementor-section-boxed elementor-section-height-default elementor-section-height-default wpr-particle-no wpr-jarallax-no wpr-parallax-no wpr-sticky-section-no\" data-id=\"97e2d39\" data-element_type=\"section\" data-e-type=\"section\">\n\t\t\t\t\t\t<div class=\"elementor-container elementor-column-gap-wide\">\n\t\t\t\t\t<div class=\"elementor-column elementor-col-100 elementor-top-column elementor-element elementor-element-2d358bf elementor-invisible\" data-id=\"2d358bf\" data-element_type=\"column\" data-e-type=\"column\" data-settings=\"{&quot;background_background&quot;:&quot;classic&quot;,&quot;animation&quot;:&quot;slideInLeft&quot;}\">\n\t\t\t<div class=\"elementor-widget-wrap elementor-element-populated\">\n\t\t\t\t\t\t<div class=\"elementor-element elementor-element-012a904 elementor-widget elementor-widget-text-editor\" data-id=\"012a904\" data-element_type=\"widget\" data-e-type=\"widget\" data-widget_type=\"text-editor.default\">\n\t\t\t\t<div class=\"elementor-widget-container\">\n\t\t\t\t\t\t\t\t\t<h2>Evaluar la medicina integrativa adecuada para usted.<\/h2>\n<p>Descubra un enfoque m\u00e1s hol\u00edstico de la curaci\u00f3n en Braverman Test. Nuestras soluciones sanitarias personalizadas abordan las causas profundas, no s\u00f3lo los s\u00edntomas. Experimente hoy mismo los beneficios de la medicina integrativa.<\/p>\n\t\t\t\t\t\t\t\t<\/div>\n\t\t\t\t<\/div>\n\t\t\t\t\t<\/div>\n\t\t<\/div>\n\t\t\t\t\t<\/div>\n\t\t<\/section>\n\t\t\t\t<section class=\"elementor-section elementor-top-section elementor-element elementor-element-4f6edf0 elementor-section-boxed elementor-section-height-default elementor-section-height-default wpr-particle-no wpr-jarallax-no wpr-parallax-no wpr-sticky-section-no\" data-id=\"4f6edf0\" data-element_type=\"section\" data-e-type=\"section\">\n\t\t\t\t\t\t<div class=\"elementor-container elementor-column-gap-wide\">\n\t\t\t\t\t<div class=\"elementor-column elementor-col-50 elementor-top-column elementor-element elementor-element-47bdcad\" data-id=\"47bdcad\" data-element_type=\"column\" data-e-type=\"column\">\n\t\t\t<div class=\"elementor-widget-wrap elementor-element-populated\">\n\t\t\t\t\t\t<div class=\"elementor-element elementor-element-b43985f elementor-widget elementor-widget-image\" data-id=\"b43985f\" data-element_type=\"widget\" data-e-type=\"widget\" data-widget_type=\"image.default\">\n\t\t\t\t<div class=\"elementor-widget-container\">\n\t\t\t\t\t\t\t\t\t\t\t\t\t\t\t<img fetchpriority=\"high\" decoding=\"async\" width=\"960\" height=\"719\" src=\"https:\/\/bravermantest.com\/wp-content\/uploads\/2024\/04\/about_2-scaled-1-1024x767.jpg\" class=\"attachment-large size-large wp-image-5052\" alt=\"\" srcset=\"https:\/\/bravermantest.com\/wp-content\/uploads\/2024\/04\/about_2-scaled-1-1024x767.jpg 1024w, https:\/\/bravermantest.com\/wp-content\/uploads\/2024\/04\/about_2-scaled-1-300x225.jpg 300w, https:\/\/bravermantest.com\/wp-content\/uploads\/2024\/04\/about_2-scaled-1-768x575.jpg 768w, https:\/\/bravermantest.com\/wp-content\/uploads\/2024\/04\/about_2-scaled-1-1536x1151.jpg 1536w, https:\/\/bravermantest.com\/wp-content\/uploads\/2024\/04\/about_2-scaled-1-2048x1534.jpg 2048w\" sizes=\"(max-width: 960px) 100vw, 960px\" \/>\t\t\t\t\t\t\t\t\t\t\t\t\t\t\t<\/div>\n\t\t\t\t<\/div>\n\t\t\t\t\t<\/div>\n\t\t<\/div>\n\t\t\t\t<div class=\"elementor-column elementor-col-50 elementor-top-column elementor-element elementor-element-634ef68 elementor-invisible\" data-id=\"634ef68\" data-element_type=\"column\" data-e-type=\"column\" data-settings=\"{&quot;background_background&quot;:&quot;classic&quot;,&quot;animation&quot;:&quot;slideInRight&quot;}\">\n\t\t\t<div class=\"elementor-widget-wrap elementor-element-populated\">\n\t\t\t\t\t\t<div class=\"elementor-element elementor-element-e1acdc5 elementor-widget elementor-widget-text-editor\" data-id=\"e1acdc5\" data-element_type=\"widget\" data-e-type=\"widget\" data-widget_type=\"text-editor.default\">\n\t\t\t\t<div class=\"elementor-widget-container\">\n\t\t\t\t\t\t\t\t\t\n<h2>Conclusiones de nuestra evaluaci\u00f3n.<\/h2>\n\n\nOfrecemos el Test de Braverman, que eval\u00faa los niveles de neurotransmisores en el cerebro. Eval\u00faa los desequilibrios en los niveles de dopamina, serotonina, GABA y acetilcolina para ayudar a identificar los factores que contribuyen a los trastornos del estado de \u00e1nimo, los problemas cognitivos y el dolor cr\u00f3nico.\n\n\t\t\t\t\t\t\t\t<\/div>\n\t\t\t\t<\/div>\n\t\t\t\t\t<\/div>\n\t\t<\/div>\n\t\t\t\t\t<\/div>\n\t\t<\/section>\n\t\t\t\t<section class=\"elementor-section elementor-top-section elementor-element elementor-element-af88a70 elementor-section-boxed elementor-section-height-default elementor-section-height-default wpr-particle-no wpr-jarallax-no wpr-parallax-no wpr-sticky-section-no\" data-id=\"af88a70\" data-element_type=\"section\" data-e-type=\"section\">\n\t\t\t\t\t\t<div class=\"elementor-container elementor-column-gap-wide\">\n\t\t\t\t\t<div class=\"elementor-column elementor-col-100 elementor-top-column elementor-element elementor-element-1331fe9 elementor-invisible\" data-id=\"1331fe9\" data-element_type=\"column\" data-e-type=\"column\" data-settings=\"{&quot;background_background&quot;:&quot;classic&quot;,&quot;animation&quot;:&quot;slideInLeft&quot;}\">\n\t\t\t<div class=\"elementor-widget-wrap elementor-element-populated\">\n\t\t\t\t\t\t<div class=\"elementor-element elementor-element-fdbb04a elementor-widget elementor-widget-text-editor\" data-id=\"fdbb04a\" data-element_type=\"widget\" data-e-type=\"widget\" data-widget_type=\"text-editor.default\">\n\t\t\t\t<div class=\"elementor-widget-container\">\n\t\t\t\t\t\t\t\t\t\n<h2>C\u00f3mo le ayudar\u00e1 esto en su viaje sanitario.<\/h2>\n\nDamos prioridad a la educaci\u00f3n y capacitaci\u00f3n del paciente, explic\u00e1ndole los resultados de las pruebas y las opciones de tratamiento para que participe activamente. Busque alivio para sus dolencias cr\u00f3nicas u optimice su salud y rendimiento con nosotros.\n\n\t\t\t\t\t\t\t\t<\/div>\n\t\t\t\t<\/div>\n\t\t\t\t\t<\/div>\n\t\t<\/div>\n\t\t\t\t\t<\/div>\n\t\t<\/section>\n\t\t\t\t<section class=\"elementor-section elementor-top-section elementor-element elementor-element-d6b2a9d elementor-reverse-tablet elementor-reverse-mobile elementor-section-boxed elementor-section-height-default elementor-section-height-default wpr-particle-no wpr-jarallax-no wpr-parallax-no wpr-sticky-section-no\" data-id=\"d6b2a9d\" data-element_type=\"section\" data-e-type=\"section\">\n\t\t\t\t\t\t<div class=\"elementor-container elementor-column-gap-wide\">\n\t\t\t\t\t<div class=\"elementor-column elementor-col-50 elementor-top-column elementor-element elementor-element-14950e9 elementor-invisible\" data-id=\"14950e9\" data-element_type=\"column\" data-e-type=\"column\" data-settings=\"{&quot;background_background&quot;:&quot;classic&quot;,&quot;animation&quot;:&quot;slideInRight&quot;}\">\n\t\t\t<div class=\"elementor-widget-wrap elementor-element-populated\">\n\t\t\t\t\t\t<div class=\"elementor-element elementor-element-1954d28 elementor-widget elementor-widget-text-editor\" data-id=\"1954d28\" data-element_type=\"widget\" data-e-type=\"widget\" data-widget_type=\"text-editor.default\">\n\t\t\t\t<div class=\"elementor-widget-container\">\n\t\t\t\t\t\t\t\t\t<h2>Cuidar de su salud y bienestar.<\/h2>\n<p>Nos dedicamos a fomentar un ambiente c\u00e1lido y de apoyo donde su salud y bienestar son las principales prioridades. Conf\u00ede en nosotros para conseguir una salud y una vitalidad \u00f3ptimas.<\/p>\n\t\t\t\t\t\t\t\t<\/div>\n\t\t\t\t<\/div>\n\t\t\t\t\t<\/div>\n\t\t<\/div>\n\t\t\t\t<div class=\"elementor-column elementor-col-50 elementor-top-column elementor-element elementor-element-caa1c45\" data-id=\"caa1c45\" data-element_type=\"column\" data-e-type=\"column\">\n\t\t\t<div class=\"elementor-widget-wrap elementor-element-populated\">\n\t\t\t\t\t\t<div class=\"elementor-element elementor-element-0a232c8 elementor-widget elementor-widget-image\" data-id=\"0a232c8\" data-element_type=\"widget\" data-e-type=\"widget\" data-widget_type=\"image.default\">\n\t\t\t\t<div class=\"elementor-widget-container\">\n\t\t\t\t\t\t\t\t\t\t\t\t\t\t\t<img decoding=\"async\" width=\"960\" height=\"641\" src=\"https:\/\/bravermantest.com\/wp-content\/uploads\/2024\/04\/about_4-scaled-1-1024x684.jpg\" class=\"attachment-large size-large wp-image-5054\" alt=\"\" srcset=\"https:\/\/bravermantest.com\/wp-content\/uploads\/2024\/04\/about_4-scaled-1-1024x684.jpg 1024w, https:\/\/bravermantest.com\/wp-content\/uploads\/2024\/04\/about_4-scaled-1-300x200.jpg 300w, https:\/\/bravermantest.com\/wp-content\/uploads\/2024\/04\/about_4-scaled-1-768x513.jpg 768w, https:\/\/bravermantest.com\/wp-content\/uploads\/2024\/04\/about_4-scaled-1-1536x1025.jpg 1536w, https:\/\/bravermantest.com\/wp-content\/uploads\/2024\/04\/about_4-scaled-1-2048x1367.jpg 2048w\" sizes=\"(max-width: 960px) 100vw, 960px\" \/>\t\t\t\t\t\t\t\t\t\t\t\t\t\t\t<\/div>\n\t\t\t\t<\/div>\n\t\t\t\t\t<\/div>\n\t\t<\/div>\n\t\t\t\t\t<\/div>\n\t\t<\/section>\n\t\t\t\t<\/div>\n\t\t","protected":false},"excerpt":{"rendered":"<p>Qui\u00e9nes somos Evaluar la medicina integrativa adecuada para usted. Descubra un enfoque m\u00e1s hol\u00edstico de la curaci\u00f3n en Braverman Test. Nuestras soluciones sanitarias personalizadas abordan las causas profundas, no s\u00f3lo los s\u00edntomas. Experimente hoy mismo los beneficios de la medicina integrativa. Conclusiones de nuestra evaluaci\u00f3n. Ofrecemos el Test de Braverman, que eval\u00faa los niveles de neurotransmisores en el cerebro. Eval\u00faa los desequilibrios en los niveles de dopamina, serotonina, GABA y acetilcolina para ayudar a identificar los factores que contribuyen a los trastornos del estado de \u00e1nimo, los problemas cognitivos y el dolor cr\u00f3nico. C\u00f3mo le ayudar\u00e1 esto en su viaje sanitario. Damos prioridad a la educaci\u00f3n y capacitaci\u00f3n del paciente, explic\u00e1ndole los resultados de las pruebas y las opciones de tratamiento para que participe activamente. Busque alivio para sus dolencias cr\u00f3nicas u optimice su salud y rendimiento con nosotros. Cuidar de su salud y bienestar. Nos dedicamos a fomentar un ambiente c\u00e1lido y de apoyo donde su salud y bienestar son las principales prioridades. Conf\u00ede en nosotros para conseguir una salud y una vitalidad \u00f3ptimas.<\/p>\n","protected":false},"author":1,"featured_media":0,"parent":0,"menu_order":0,"comment_status":"closed","ping_status":"closed","template":"elementor_header_footer","meta":{"footnotes":""},"class_list":["post-5042","page","type-page","status-publish","hentry"],"yoast_head":"<!-- This site is optimized with the Yoast SEO plugin v25.3 - https:\/\/yoast.com\/wordpress\/plugins\/seo\/ -->\n<title>Acerca de - Bravermantest.com<\/title>\n<meta name=\"robots\" content=\"index, follow, max-snippet:-1, max-image-preview:large, max-video-preview:-1\" \/>\n<link rel=\"canonical\" href=\"https:\/\/bravermantest.com\/es\/acerca-de\/\" \/>\n<meta property=\"og:locale\" content=\"es_ES\" \/>\n<meta property=\"og:type\" content=\"article\" \/>\n<meta property=\"og:title\" content=\"Acerca de - Bravermantest.com\" \/>\n<meta property=\"og:description\" content=\"Qui\u00e9nes somos Evaluar la medicina integrativa adecuada para usted. Descubra un enfoque m\u00e1s hol\u00edstico de la curaci\u00f3n en Braverman Test. Nuestras soluciones sanitarias personalizadas abordan las causas profundas, no s\u00f3lo los s\u00edntomas. Experimente hoy mismo los beneficios de la medicina integrativa. Conclusiones de nuestra evaluaci\u00f3n. Ofrecemos el Test de Braverman, que eval\u00faa los niveles de neurotransmisores en el cerebro. Eval\u00faa los desequilibrios en los niveles de dopamina, serotonina, GABA y acetilcolina para ayudar a identificar los factores que contribuyen a los trastornos del estado de \u00e1nimo, los problemas cognitivos y el dolor cr\u00f3nico. C\u00f3mo le ayudar\u00e1 esto en su viaje sanitario. Damos prioridad a la educaci\u00f3n y capacitaci\u00f3n del paciente, explic\u00e1ndole los resultados de las pruebas y las opciones de tratamiento para que participe activamente. Busque alivio para sus dolencias cr\u00f3nicas u optimice su salud y rendimiento con nosotros. Cuidar de su salud y bienestar. Nos dedicamos a fomentar un ambiente c\u00e1lido y de apoyo donde su salud y bienestar son las principales prioridades. Conf\u00ede en nosotros para conseguir una salud y una vitalidad \u00f3ptimas.\" \/>\n<meta property=\"og:url\" content=\"https:\/\/bravermantest.com\/es\/acerca-de\/\" \/>\n<meta property=\"og:site_name\" content=\"Bravermantest.com\" \/>\n<meta property=\"article:publisher\" content=\"https:\/\/www.facebook.com\/Bravermantest\" \/>\n<meta property=\"article:modified_time\" content=\"2024-07-09T14:30:19+00:00\" \/>\n<meta property=\"og:image\" content=\"https:\/\/bravermantest.com\/wp-content\/uploads\/2024\/04\/about_2-scaled-1-1024x767.jpg\" \/>\n<meta name=\"twitter:card\" content=\"summary_large_image\" \/>\n<meta name=\"twitter:site\" content=\"@bravermantest\" \/>\n<meta name=\"twitter:label1\" content=\"Tiempo de lectura\" \/>\n\t<meta name=\"twitter:data1\" content=\"1 minuto\" \/>\n<script type=\"application\/ld+json\" class=\"yoast-schema-graph\">{\"@context\":\"https:\/\/schema.org\",\"@graph\":[{\"@type\":\"WebPage\",\"@id\":\"https:\/\/bravermantest.com\/es\/acerca-de\/\",\"url\":\"https:\/\/bravermantest.com\/es\/acerca-de\/\",\"name\":\"Acerca de - Bravermantest.com\",\"isPartOf\":{\"@id\":\"https:\/\/bravermantest.com\/es\/#website\"},\"primaryImageOfPage\":{\"@id\":\"https:\/\/bravermantest.com\/es\/acerca-de\/#primaryimage\"},\"image\":{\"@id\":\"https:\/\/bravermantest.com\/es\/acerca-de\/#primaryimage\"},\"thumbnailUrl\":\"https:\/\/bravermantest.com\/wp-content\/uploads\/2024\/04\/about_2-scaled-1-1024x767.jpg\",\"datePublished\":\"2023-04-07T06:47:42+00:00\",\"dateModified\":\"2024-07-09T14:30:19+00:00\",\"breadcrumb\":{\"@id\":\"https:\/\/bravermantest.com\/es\/acerca-de\/#breadcrumb\"},\"inLanguage\":\"es\",\"potentialAction\":[{\"@type\":\"ReadAction\",\"target\":[\"https:\/\/bravermantest.com\/es\/acerca-de\/\"]}]},{\"@type\":\"ImageObject\",\"inLanguage\":\"es\",\"@id\":\"https:\/\/bravermantest.com\/es\/acerca-de\/#primaryimage\",\"url\":\"https:\/\/bravermantest.com\/wp-content\/uploads\/2024\/04\/about_2-scaled-1-1024x767.jpg\",\"contentUrl\":\"https:\/\/bravermantest.com\/wp-content\/uploads\/2024\/04\/about_2-scaled-1-1024x767.jpg\"},{\"@type\":\"BreadcrumbList\",\"@id\":\"https:\/\/bravermantest.com\/es\/acerca-de\/#breadcrumb\",\"itemListElement\":[{\"@type\":\"ListItem\",\"position\":1,\"name\":\"Home\",\"item\":\"https:\/\/bravermantest.com\/es\/\"},{\"@type\":\"ListItem\",\"position\":2,\"name\":\"Acerca de\"}]},{\"@type\":\"WebSite\",\"@id\":\"https:\/\/bravermantest.com\/es\/#website\",\"url\":\"https:\/\/bravermantest.com\/es\/\",\"name\":\"Bravermantest.com\",\"description\":\"\",\"publisher\":{\"@id\":\"https:\/\/bravermantest.com\/es\/#organization\"},\"potentialAction\":[{\"@type\":\"SearchAction\",\"target\":{\"@type\":\"EntryPoint\",\"urlTemplate\":\"https:\/\/bravermantest.com\/es\/?s={search_term_string}\"},\"query-input\":{\"@type\":\"PropertyValueSpecification\",\"valueRequired\":true,\"valueName\":\"search_term_string\"}}],\"inLanguage\":\"es\"},{\"@type\":\"Organization\",\"@id\":\"https:\/\/bravermantest.com\/es\/#organization\",\"name\":\"Bravermantest.com\",\"url\":\"https:\/\/bravermantest.com\/es\/\",\"logo\":{\"@type\":\"ImageObject\",\"inLanguage\":\"es\",\"@id\":\"https:\/\/bravermantest.com\/es\/#\/schema\/logo\/image\/\",\"url\":\"https:\/\/bravermantest.com\/wp-content\/uploads\/2023\/04\/logo.svg\",\"contentUrl\":\"https:\/\/bravermantest.com\/wp-content\/uploads\/2023\/04\/logo.svg\",\"width\":540,\"height\":136,\"caption\":\"Bravermantest.com\"},\"image\":{\"@id\":\"https:\/\/bravermantest.com\/es\/#\/schema\/logo\/image\/\"},\"sameAs\":[\"https:\/\/www.facebook.com\/Bravermantest\",\"https:\/\/x.com\/bravermantest\",\"https:\/\/www.instagram.com\/bravermantestnet\/\"]}]}<\/script>\n<!-- \/ Yoast SEO plugin. -->","yoast_head_json":{"title":"Acerca de - Bravermantest.com","robots":{"index":"index","follow":"follow","max-snippet":"max-snippet:-1","max-image-preview":"max-image-preview:large","max-video-preview":"max-video-preview:-1"},"canonical":"https:\/\/bravermantest.com\/es\/acerca-de\/","og_locale":"es_ES","og_type":"article","og_title":"Acerca de - Bravermantest.com","og_description":"Qui\u00e9nes somos Evaluar la medicina integrativa adecuada para usted. Descubra un enfoque m\u00e1s hol\u00edstico de la curaci\u00f3n en Braverman Test. Nuestras soluciones sanitarias personalizadas abordan las causas profundas, no s\u00f3lo los s\u00edntomas. Experimente hoy mismo los beneficios de la medicina integrativa. Conclusiones de nuestra evaluaci\u00f3n. Ofrecemos el Test de Braverman, que eval\u00faa los niveles de neurotransmisores en el cerebro. Eval\u00faa los desequilibrios en los niveles de dopamina, serotonina, GABA y acetilcolina para ayudar a identificar los factores que contribuyen a los trastornos del estado de \u00e1nimo, los problemas cognitivos y el dolor cr\u00f3nico. C\u00f3mo le ayudar\u00e1 esto en su viaje sanitario. Damos prioridad a la educaci\u00f3n y capacitaci\u00f3n del paciente, explic\u00e1ndole los resultados de las pruebas y las opciones de tratamiento para que participe activamente. Busque alivio para sus dolencias cr\u00f3nicas u optimice su salud y rendimiento con nosotros. Cuidar de su salud y bienestar. Nos dedicamos a fomentar un ambiente c\u00e1lido y de apoyo donde su salud y bienestar son las principales prioridades. Conf\u00ede en nosotros para conseguir una salud y una vitalidad \u00f3ptimas.","og_url":"https:\/\/bravermantest.com\/es\/acerca-de\/","og_site_name":"Bravermantest.com","article_publisher":"https:\/\/www.facebook.com\/Bravermantest","article_modified_time":"2024-07-09T14:30:19+00:00","og_image":[{"url":"https:\/\/bravermantest.com\/wp-content\/uploads\/2024\/04\/about_2-scaled-1-1024x767.jpg","type":"","width":"","height":""}],"twitter_card":"summary_large_image","twitter_site":"@bravermantest","twitter_misc":{"Tiempo de lectura":"1 minuto"},"schema":{"@context":"https:\/\/schema.org","@graph":[{"@type":"WebPage","@id":"https:\/\/bravermantest.com\/es\/acerca-de\/","url":"https:\/\/bravermantest.com\/es\/acerca-de\/","name":"Acerca de - Bravermantest.com","isPartOf":{"@id":"https:\/\/bravermantest.com\/es\/#website"},"primaryImageOfPage":{"@id":"https:\/\/bravermantest.com\/es\/acerca-de\/#primaryimage"},"image":{"@id":"https:\/\/bravermantest.com\/es\/acerca-de\/#primaryimage"},"thumbnailUrl":"https:\/\/bravermantest.com\/wp-content\/uploads\/2024\/04\/about_2-scaled-1-1024x767.jpg","datePublished":"2023-04-07T06:47:42+00:00","dateModified":"2024-07-09T14:30:19+00:00","breadcrumb":{"@id":"https:\/\/bravermantest.com\/es\/acerca-de\/#breadcrumb"},"inLanguage":"es","potentialAction":[{"@type":"ReadAction","target":["https:\/\/bravermantest.com\/es\/acerca-de\/"]}]},{"@type":"ImageObject","inLanguage":"es","@id":"https:\/\/bravermantest.com\/es\/acerca-de\/#primaryimage","url":"https:\/\/bravermantest.com\/wp-content\/uploads\/2024\/04\/about_2-scaled-1-1024x767.jpg","contentUrl":"https:\/\/bravermantest.com\/wp-content\/uploads\/2024\/04\/about_2-scaled-1-1024x767.jpg"},{"@type":"BreadcrumbList","@id":"https:\/\/bravermantest.com\/es\/acerca-de\/#breadcrumb","itemListElement":[{"@type":"ListItem","position":1,"name":"Home","item":"https:\/\/bravermantest.com\/es\/"},{"@type":"ListItem","position":2,"name":"Acerca de"}]},{"@type":"WebSite","@id":"https:\/\/bravermantest.com\/es\/#website","url":"https:\/\/bravermantest.com\/es\/","name":"Bravermantest.com","description":"","publisher":{"@id":"https:\/\/bravermantest.com\/es\/#organization"},"potentialAction":[{"@type":"SearchAction","target":{"@type":"EntryPoint","urlTemplate":"https:\/\/bravermantest.com\/es\/?s={search_term_string}"},"query-input":{"@type":"PropertyValueSpecification","valueRequired":true,"valueName":"search_term_string"}}],"inLanguage":"es"},{"@type":"Organization","@id":"https:\/\/bravermantest.com\/es\/#organization","name":"Bravermantest.com","url":"https:\/\/bravermantest.com\/es\/","logo":{"@type":"ImageObject","inLanguage":"es","@id":"https:\/\/bravermantest.com\/es\/#\/schema\/logo\/image\/","url":"https:\/\/bravermantest.com\/wp-content\/uploads\/2023\/04\/logo.svg","contentUrl":"https:\/\/bravermantest.com\/wp-content\/uploads\/2023\/04\/logo.svg","width":540,"height":136,"caption":"Bravermantest.com"},"image":{"@id":"https:\/\/bravermantest.com\/es\/#\/schema\/logo\/image\/"},"sameAs":["https:\/\/www.facebook.com\/Bravermantest","https:\/\/x.com\/bravermantest","https:\/\/www.instagram.com\/bravermantestnet\/"]}]}},"_links":{"self":[{"href":"https:\/\/bravermantest.com\/es\/wp-json\/wp\/v2\/pages\/5042","targetHints":{"allow":["GET"]}}],"collection":[{"href":"https:\/\/bravermantest.com\/es\/wp-json\/wp\/v2\/pages"}],"about":[{"href":"https:\/\/bravermantest.com\/es\/wp-json\/wp\/v2\/types\/page"}],"author":[{"embeddable":true,"href":"https:\/\/bravermantest.com\/es\/wp-json\/wp\/v2\/users\/1"}],"replies":[{"embeddable":true,"href":"https:\/\/bravermantest.com\/es\/wp-json\/wp\/v2\/comments?post=5042"}],"version-history":[{"count":1,"href":"https:\/\/bravermantest.com\/es\/wp-json\/wp\/v2\/pages\/5042\/revisions"}],"predecessor-version":[{"id":5055,"href":"https:\/\/bravermantest.com\/es\/wp-json\/wp\/v2\/pages\/5042\/revisions\/5055"}],"wp:attachment":[{"href":"https:\/\/bravermantest.com\/es\/wp-json\/wp\/v2\/media?parent=5042"}],"curies":[{"name":"wp","href":"https:\/\/api.w.org\/{rel}","templated":true}]}}