{"id":5213,"date":"2023-04-07T08:47:42","date_gmt":"2023-04-07T06:47:42","guid":{"rendered":"https:\/\/bravermantest.com\/ueber\/"},"modified":"2024-07-14T10:24:12","modified_gmt":"2024-07-14T08:24:12","slug":"ueber","status":"publish","type":"page","link":"https:\/\/bravermantest.com\/de\/ueber\/","title":{"rendered":"\u00dcber"},"content":{"rendered":"\t\t<div data-elementor-type=\"wp-page\" data-elementor-id=\"5213\" class=\"elementor elementor-5213 elementor-748\" data-elementor-post-type=\"page\">\n\t\t\t\t\t\t<section class=\"elementor-section elementor-top-section elementor-element elementor-element-eaff33e elementor-section-boxed elementor-section-height-default elementor-section-height-default wpr-particle-no wpr-jarallax-no wpr-sticky-section-no\" data-id=\"eaff33e\" data-element_type=\"section\" data-e-type=\"section\">\n\t\t\t\t\t\t\t<div class=\"elementor-background-overlay\"><\/div>\n\t\t\t\t\t\t\t<div class=\"elementor-container elementor-column-gap-default\">\n\t\t\t\t\t<div class=\"elementor-column elementor-col-100 elementor-top-column elementor-element elementor-element-c932e84\" data-id=\"c932e84\" data-element_type=\"column\" data-e-type=\"column\">\n\t\t\t<div class=\"elementor-widget-wrap elementor-element-populated\">\n\t\t\t\t\t\t<div class=\"elementor-element elementor-element-c83b07e elementor-widget elementor-widget-heading\" data-id=\"c83b07e\" data-element_type=\"widget\" data-e-type=\"widget\" data-widget_type=\"heading.default\">\n\t\t\t\t<div class=\"elementor-widget-container\">\n\t\t\t\t\t<h2 class=\"elementor-heading-title elementor-size-default\">\u00dcber uns<\/h2>\t\t\t\t<\/div>\n\t\t\t\t<\/div>\n\t\t\t\t\t<\/div>\n\t\t<\/div>\n\t\t\t\t\t<\/div>\n\t\t<\/section>\n\t\t\t\t<section class=\"elementor-section elementor-top-section elementor-element elementor-element-97e2d39 elementor-section-boxed elementor-section-height-default elementor-section-height-default wpr-particle-no wpr-jarallax-no wpr-parallax-no wpr-sticky-section-no\" data-id=\"97e2d39\" data-element_type=\"section\" data-e-type=\"section\">\n\t\t\t\t\t\t<div class=\"elementor-container elementor-column-gap-wide\">\n\t\t\t\t\t<div class=\"elementor-column elementor-col-100 elementor-top-column elementor-element elementor-element-2d358bf elementor-invisible\" data-id=\"2d358bf\" data-element_type=\"column\" data-e-type=\"column\" data-settings=\"{&quot;background_background&quot;:&quot;classic&quot;,&quot;animation&quot;:&quot;slideInLeft&quot;}\">\n\t\t\t<div class=\"elementor-widget-wrap elementor-element-populated\">\n\t\t\t\t\t\t<div class=\"elementor-element elementor-element-012a904 elementor-widget elementor-widget-text-editor\" data-id=\"012a904\" data-element_type=\"widget\" data-e-type=\"widget\" data-widget_type=\"text-editor.default\">\n\t\t\t\t<div class=\"elementor-widget-container\">\n\t\t\t\t\t\t\t\t\t<h2>Beurteilung der richtigen integrativen Medizin f\u00fcr Sie.<\/h2>\n<p>Entdecken Sie bei Braverman Test einen ganzheitlicheren Ansatz zur Heilung. Unsere personalisierten Gesundheitsl\u00f6sungen setzen an den Ursachen an, nicht nur an den Symptomen. Erleben Sie die Vorteile der integrativen Medizin noch heute.<\/p>\n\t\t\t\t\t\t\t\t<\/div>\n\t\t\t\t<\/div>\n\t\t\t\t\t<\/div>\n\t\t<\/div>\n\t\t\t\t\t<\/div>\n\t\t<\/section>\n\t\t\t\t<section class=\"elementor-section elementor-top-section elementor-element elementor-element-4f6edf0 elementor-section-boxed elementor-section-height-default elementor-section-height-default wpr-particle-no wpr-jarallax-no wpr-parallax-no wpr-sticky-section-no\" data-id=\"4f6edf0\" data-element_type=\"section\" data-e-type=\"section\">\n\t\t\t\t\t\t<div class=\"elementor-container elementor-column-gap-wide\">\n\t\t\t\t\t<div class=\"elementor-column elementor-col-50 elementor-top-column elementor-element elementor-element-47bdcad\" data-id=\"47bdcad\" data-element_type=\"column\" data-e-type=\"column\">\n\t\t\t<div class=\"elementor-widget-wrap elementor-element-populated\">\n\t\t\t\t\t\t<div class=\"elementor-element elementor-element-b43985f elementor-widget elementor-widget-image\" data-id=\"b43985f\" data-element_type=\"widget\" data-e-type=\"widget\" data-widget_type=\"image.default\">\n\t\t\t\t<div class=\"elementor-widget-container\">\n\t\t\t\t\t\t\t\t\t\t\t\t\t\t\t<img fetchpriority=\"high\" decoding=\"async\" width=\"960\" height=\"719\" src=\"https:\/\/bravermantest.com\/wp-content\/uploads\/2024\/04\/about_2-scaled-1-1024x767.jpg\" class=\"attachment-large size-large wp-image-5223\" alt=\"\" srcset=\"https:\/\/bravermantest.com\/wp-content\/uploads\/2024\/04\/about_2-scaled-1-1024x767.jpg 1024w, https:\/\/bravermantest.com\/wp-content\/uploads\/2024\/04\/about_2-scaled-1-300x225.jpg 300w, https:\/\/bravermantest.com\/wp-content\/uploads\/2024\/04\/about_2-scaled-1-768x575.jpg 768w, https:\/\/bravermantest.com\/wp-content\/uploads\/2024\/04\/about_2-scaled-1-1536x1151.jpg 1536w, https:\/\/bravermantest.com\/wp-content\/uploads\/2024\/04\/about_2-scaled-1-2048x1534.jpg 2048w\" sizes=\"(max-width: 960px) 100vw, 960px\" \/>\t\t\t\t\t\t\t\t\t\t\t\t\t\t\t<\/div>\n\t\t\t\t<\/div>\n\t\t\t\t\t<\/div>\n\t\t<\/div>\n\t\t\t\t<div class=\"elementor-column elementor-col-50 elementor-top-column elementor-element elementor-element-634ef68 elementor-invisible\" data-id=\"634ef68\" data-element_type=\"column\" data-e-type=\"column\" data-settings=\"{&quot;background_background&quot;:&quot;classic&quot;,&quot;animation&quot;:&quot;slideInRight&quot;}\">\n\t\t\t<div class=\"elementor-widget-wrap elementor-element-populated\">\n\t\t\t\t\t\t<div class=\"elementor-element elementor-element-e1acdc5 elementor-widget elementor-widget-text-editor\" data-id=\"e1acdc5\" data-element_type=\"widget\" data-e-type=\"widget\" data-widget_type=\"text-editor.default\">\n\t\t\t\t<div class=\"elementor-widget-container\">\n\t\t\t\t\t\t\t\t\t\n<h2>Einsichten aus unserer Bewertung.<\/h2>\n\n\nWir bieten den Braverman-Test an, mit dem der Neurotransmitter-Spiegel im Gehirn gemessen wird. Es bewertet Ungleichgewichte im Dopamin-, Serotonin-, GABA- und Acetylcholinspiegel, um Faktoren zu identifizieren, die zu Stimmungsst\u00f6rungen, kognitiven Problemen und chronischen Schmerzen beitragen.\n\n\t\t\t\t\t\t\t\t<\/div>\n\t\t\t\t<\/div>\n\t\t\t\t\t<\/div>\n\t\t<\/div>\n\t\t\t\t\t<\/div>\n\t\t<\/section>\n\t\t\t\t<section class=\"elementor-section elementor-top-section elementor-element elementor-element-af88a70 elementor-section-boxed elementor-section-height-default elementor-section-height-default wpr-particle-no wpr-jarallax-no wpr-parallax-no wpr-sticky-section-no\" data-id=\"af88a70\" data-element_type=\"section\" data-e-type=\"section\">\n\t\t\t\t\t\t<div class=\"elementor-container elementor-column-gap-wide\">\n\t\t\t\t\t<div class=\"elementor-column elementor-col-100 elementor-top-column elementor-element elementor-element-1331fe9 elementor-invisible\" data-id=\"1331fe9\" data-element_type=\"column\" data-e-type=\"column\" data-settings=\"{&quot;background_background&quot;:&quot;classic&quot;,&quot;animation&quot;:&quot;slideInLeft&quot;}\">\n\t\t\t<div class=\"elementor-widget-wrap elementor-element-populated\">\n\t\t\t\t\t\t<div class=\"elementor-element elementor-element-fdbb04a elementor-widget elementor-widget-text-editor\" data-id=\"fdbb04a\" data-element_type=\"widget\" data-e-type=\"widget\" data-widget_type=\"text-editor.default\">\n\t\t\t\t<div class=\"elementor-widget-container\">\n\t\t\t\t\t\t\t\t\t\n<h2>Wie dies Ihnen auf Ihrem Weg zur Gesundheitsf\u00fcrsorge helfen wird.<\/h2>\n\nWir legen gro\u00dfen Wert auf die Aufkl\u00e4rung und Bef\u00e4higung der Patienten, indem wir ihnen die Testergebnisse und Behandlungsm\u00f6glichkeiten erl\u00e4utern, damit sie sich aktiv beteiligen k\u00f6nnen. Suchen Sie Linderung bei chronischen Beschwerden oder optimieren Sie mit uns Ihre Gesundheit und Leistungsf\u00e4higkeit.\n\n\t\t\t\t\t\t\t\t<\/div>\n\t\t\t\t<\/div>\n\t\t\t\t\t<\/div>\n\t\t<\/div>\n\t\t\t\t\t<\/div>\n\t\t<\/section>\n\t\t\t\t<section class=\"elementor-section elementor-top-section elementor-element elementor-element-d6b2a9d elementor-reverse-tablet elementor-reverse-mobile elementor-section-boxed elementor-section-height-default elementor-section-height-default wpr-particle-no wpr-jarallax-no wpr-parallax-no wpr-sticky-section-no\" data-id=\"d6b2a9d\" data-element_type=\"section\" data-e-type=\"section\">\n\t\t\t\t\t\t<div class=\"elementor-container elementor-column-gap-wide\">\n\t\t\t\t\t<div class=\"elementor-column elementor-col-50 elementor-top-column elementor-element elementor-element-14950e9 elementor-invisible\" data-id=\"14950e9\" data-element_type=\"column\" data-e-type=\"column\" data-settings=\"{&quot;background_background&quot;:&quot;classic&quot;,&quot;animation&quot;:&quot;slideInRight&quot;}\">\n\t\t\t<div class=\"elementor-widget-wrap elementor-element-populated\">\n\t\t\t\t\t\t<div class=\"elementor-element elementor-element-1954d28 elementor-widget elementor-widget-text-editor\" data-id=\"1954d28\" data-element_type=\"widget\" data-e-type=\"widget\" data-widget_type=\"text-editor.default\">\n\t\t\t\t<div class=\"elementor-widget-container\">\n\t\t\t\t\t\t\t\t\t<h2>F\u00fcrsorge f\u00fcr Ihre Gesundheit und Ihr Wohlbefinden.<\/h2>\n<p>Wir sind bestrebt, ein warmes und unterst\u00fctzendes Umfeld zu schaffen, in dem Ihre Gesundheit und Ihr Wohlbefinden an erster Stelle stehen. Vertrauen Sie darauf, dass wir Ihnen zu optimaler Gesundheit und Vitalit\u00e4t verhelfen.<\/p>\n\t\t\t\t\t\t\t\t<\/div>\n\t\t\t\t<\/div>\n\t\t\t\t\t<\/div>\n\t\t<\/div>\n\t\t\t\t<div class=\"elementor-column elementor-col-50 elementor-top-column elementor-element elementor-element-caa1c45\" data-id=\"caa1c45\" data-element_type=\"column\" data-e-type=\"column\">\n\t\t\t<div class=\"elementor-widget-wrap elementor-element-populated\">\n\t\t\t\t\t\t<div class=\"elementor-element elementor-element-0a232c8 elementor-widget elementor-widget-image\" data-id=\"0a232c8\" data-element_type=\"widget\" data-e-type=\"widget\" data-widget_type=\"image.default\">\n\t\t\t\t<div class=\"elementor-widget-container\">\n\t\t\t\t\t\t\t\t\t\t\t\t\t\t\t<img decoding=\"async\" width=\"960\" height=\"641\" src=\"https:\/\/bravermantest.com\/wp-content\/uploads\/2024\/04\/about_4-scaled-1-1024x684.jpg\" class=\"attachment-large size-large wp-image-5225\" alt=\"\" srcset=\"https:\/\/bravermantest.com\/wp-content\/uploads\/2024\/04\/about_4-scaled-1-1024x684.jpg 1024w, https:\/\/bravermantest.com\/wp-content\/uploads\/2024\/04\/about_4-scaled-1-300x200.jpg 300w, https:\/\/bravermantest.com\/wp-content\/uploads\/2024\/04\/about_4-scaled-1-768x513.jpg 768w, https:\/\/bravermantest.com\/wp-content\/uploads\/2024\/04\/about_4-scaled-1-1536x1025.jpg 1536w, https:\/\/bravermantest.com\/wp-content\/uploads\/2024\/04\/about_4-scaled-1-2048x1367.jpg 2048w\" sizes=\"(max-width: 960px) 100vw, 960px\" \/>\t\t\t\t\t\t\t\t\t\t\t\t\t\t\t<\/div>\n\t\t\t\t<\/div>\n\t\t\t\t\t<\/div>\n\t\t<\/div>\n\t\t\t\t\t<\/div>\n\t\t<\/section>\n\t\t\t\t<\/div>\n\t\t","protected":false},"excerpt":{"rendered":"<p>\u00dcber uns Beurteilung der richtigen integrativen Medizin f\u00fcr Sie. Entdecken Sie bei Braverman Test einen ganzheitlicheren Ansatz zur Heilung. Unsere personalisierten Gesundheitsl\u00f6sungen setzen an den Ursachen an, nicht nur an den Symptomen. Erleben Sie die Vorteile der integrativen Medizin noch heute. Einsichten aus unserer Bewertung. Wir bieten den Braverman-Test an, mit dem der Neurotransmitter-Spiegel im Gehirn gemessen wird. Es bewertet Ungleichgewichte im Dopamin-, Serotonin-, GABA- und Acetylcholinspiegel, um Faktoren zu identifizieren, die zu Stimmungsst\u00f6rungen, kognitiven Problemen und chronischen Schmerzen beitragen. Wie dies Ihnen auf Ihrem Weg zur Gesundheitsf\u00fcrsorge helfen wird. Wir legen gro\u00dfen Wert auf die Aufkl\u00e4rung und Bef\u00e4higung der Patienten, indem wir ihnen die Testergebnisse und Behandlungsm\u00f6glichkeiten erl\u00e4utern, damit sie sich aktiv beteiligen k\u00f6nnen. Suchen Sie Linderung bei chronischen Beschwerden oder optimieren Sie mit uns Ihre Gesundheit und Leistungsf\u00e4higkeit. F\u00fcrsorge f\u00fcr Ihre Gesundheit und Ihr Wohlbefinden. Wir sind bestrebt, ein warmes und unterst\u00fctzendes Umfeld zu schaffen, in dem Ihre Gesundheit und Ihr Wohlbefinden an erster Stelle stehen. Vertrauen Sie darauf, dass wir Ihnen zu optimaler Gesundheit und Vitalit\u00e4t verhelfen.<\/p>\n","protected":false},"author":1,"featured_media":0,"parent":0,"menu_order":0,"comment_status":"closed","ping_status":"closed","template":"elementor_header_footer","meta":{"footnotes":""},"class_list":["post-5213","page","type-page","status-publish","hentry"],"yoast_head":"<!-- This site is optimized with the Yoast SEO plugin v25.3 - https:\/\/yoast.com\/wordpress\/plugins\/seo\/ -->\n<title>\u00dcber - Bravermantest.com<\/title>\n<meta name=\"robots\" content=\"index, follow, max-snippet:-1, max-image-preview:large, max-video-preview:-1\" \/>\n<link rel=\"canonical\" href=\"https:\/\/bravermantest.com\/de\/ueber\/\" \/>\n<meta property=\"og:locale\" content=\"de_DE\" \/>\n<meta property=\"og:type\" content=\"article\" \/>\n<meta property=\"og:title\" content=\"\u00dcber - Bravermantest.com\" \/>\n<meta property=\"og:description\" content=\"\u00dcber uns Beurteilung der richtigen integrativen Medizin f\u00fcr Sie. Entdecken Sie bei Braverman Test einen ganzheitlicheren Ansatz zur Heilung. Unsere personalisierten Gesundheitsl\u00f6sungen setzen an den Ursachen an, nicht nur an den Symptomen. Erleben Sie die Vorteile der integrativen Medizin noch heute. Einsichten aus unserer Bewertung. Wir bieten den Braverman-Test an, mit dem der Neurotransmitter-Spiegel im Gehirn gemessen wird. Es bewertet Ungleichgewichte im Dopamin-, Serotonin-, GABA- und Acetylcholinspiegel, um Faktoren zu identifizieren, die zu Stimmungsst\u00f6rungen, kognitiven Problemen und chronischen Schmerzen beitragen. Wie dies Ihnen auf Ihrem Weg zur Gesundheitsf\u00fcrsorge helfen wird. Wir legen gro\u00dfen Wert auf die Aufkl\u00e4rung und Bef\u00e4higung der Patienten, indem wir ihnen die Testergebnisse und Behandlungsm\u00f6glichkeiten erl\u00e4utern, damit sie sich aktiv beteiligen k\u00f6nnen. Suchen Sie Linderung bei chronischen Beschwerden oder optimieren Sie mit uns Ihre Gesundheit und Leistungsf\u00e4higkeit. F\u00fcrsorge f\u00fcr Ihre Gesundheit und Ihr Wohlbefinden. Wir sind bestrebt, ein warmes und unterst\u00fctzendes Umfeld zu schaffen, in dem Ihre Gesundheit und Ihr Wohlbefinden an erster Stelle stehen. Vertrauen Sie darauf, dass wir Ihnen zu optimaler Gesundheit und Vitalit\u00e4t verhelfen.\" \/>\n<meta property=\"og:url\" content=\"https:\/\/bravermantest.com\/de\/ueber\/\" \/>\n<meta property=\"og:site_name\" content=\"Bravermantest.com\" \/>\n<meta property=\"article:publisher\" content=\"https:\/\/www.facebook.com\/Bravermantest\" \/>\n<meta property=\"article:modified_time\" content=\"2024-07-14T08:24:12+00:00\" \/>\n<meta property=\"og:image\" content=\"https:\/\/bravermantest.com\/wp-content\/uploads\/2024\/04\/about_2-scaled-1-1024x767.jpg\" \/>\n<meta name=\"twitter:card\" content=\"summary_large_image\" \/>\n<meta name=\"twitter:site\" content=\"@bravermantest\" \/>\n<meta name=\"twitter:label1\" content=\"Gesch\u00e4tzte Lesezeit\" \/>\n\t<meta name=\"twitter:data1\" content=\"1\u00a0Minute\" \/>\n<script type=\"application\/ld+json\" class=\"yoast-schema-graph\">{\"@context\":\"https:\/\/schema.org\",\"@graph\":[{\"@type\":\"WebPage\",\"@id\":\"https:\/\/bravermantest.com\/de\/ueber\/\",\"url\":\"https:\/\/bravermantest.com\/de\/ueber\/\",\"name\":\"\u00dcber - Bravermantest.com\",\"isPartOf\":{\"@id\":\"https:\/\/bravermantest.com\/de\/#website\"},\"primaryImageOfPage\":{\"@id\":\"https:\/\/bravermantest.com\/de\/ueber\/#primaryimage\"},\"image\":{\"@id\":\"https:\/\/bravermantest.com\/de\/ueber\/#primaryimage\"},\"thumbnailUrl\":\"https:\/\/bravermantest.com\/wp-content\/uploads\/2024\/04\/about_2-scaled-1-1024x767.jpg\",\"datePublished\":\"2023-04-07T06:47:42+00:00\",\"dateModified\":\"2024-07-14T08:24:12+00:00\",\"breadcrumb\":{\"@id\":\"https:\/\/bravermantest.com\/de\/ueber\/#breadcrumb\"},\"inLanguage\":\"de\",\"potentialAction\":[{\"@type\":\"ReadAction\",\"target\":[\"https:\/\/bravermantest.com\/de\/ueber\/\"]}]},{\"@type\":\"ImageObject\",\"inLanguage\":\"de\",\"@id\":\"https:\/\/bravermantest.com\/de\/ueber\/#primaryimage\",\"url\":\"https:\/\/bravermantest.com\/wp-content\/uploads\/2024\/04\/about_2-scaled-1-1024x767.jpg\",\"contentUrl\":\"https:\/\/bravermantest.com\/wp-content\/uploads\/2024\/04\/about_2-scaled-1-1024x767.jpg\"},{\"@type\":\"BreadcrumbList\",\"@id\":\"https:\/\/bravermantest.com\/de\/ueber\/#breadcrumb\",\"itemListElement\":[{\"@type\":\"ListItem\",\"position\":1,\"name\":\"Home\",\"item\":\"https:\/\/bravermantest.com\/de\/\"},{\"@type\":\"ListItem\",\"position\":2,\"name\":\"\u00dcber\"}]},{\"@type\":\"WebSite\",\"@id\":\"https:\/\/bravermantest.com\/de\/#website\",\"url\":\"https:\/\/bravermantest.com\/de\/\",\"name\":\"Bravermantest.com\",\"description\":\"\",\"publisher\":{\"@id\":\"https:\/\/bravermantest.com\/de\/#organization\"},\"potentialAction\":[{\"@type\":\"SearchAction\",\"target\":{\"@type\":\"EntryPoint\",\"urlTemplate\":\"https:\/\/bravermantest.com\/de\/?s={search_term_string}\"},\"query-input\":{\"@type\":\"PropertyValueSpecification\",\"valueRequired\":true,\"valueName\":\"search_term_string\"}}],\"inLanguage\":\"de\"},{\"@type\":\"Organization\",\"@id\":\"https:\/\/bravermantest.com\/de\/#organization\",\"name\":\"Bravermantest.com\",\"url\":\"https:\/\/bravermantest.com\/de\/\",\"logo\":{\"@type\":\"ImageObject\",\"inLanguage\":\"de\",\"@id\":\"https:\/\/bravermantest.com\/de\/#\/schema\/logo\/image\/\",\"url\":\"https:\/\/bravermantest.com\/wp-content\/uploads\/2023\/04\/logo.svg\",\"contentUrl\":\"https:\/\/bravermantest.com\/wp-content\/uploads\/2023\/04\/logo.svg\",\"width\":540,\"height\":136,\"caption\":\"Bravermantest.com\"},\"image\":{\"@id\":\"https:\/\/bravermantest.com\/de\/#\/schema\/logo\/image\/\"},\"sameAs\":[\"https:\/\/www.facebook.com\/Bravermantest\",\"https:\/\/x.com\/bravermantest\",\"https:\/\/www.instagram.com\/bravermantestnet\/\"]}]}<\/script>\n<!-- \/ Yoast SEO plugin. -->","yoast_head_json":{"title":"\u00dcber - Bravermantest.com","robots":{"index":"index","follow":"follow","max-snippet":"max-snippet:-1","max-image-preview":"max-image-preview:large","max-video-preview":"max-video-preview:-1"},"canonical":"https:\/\/bravermantest.com\/de\/ueber\/","og_locale":"de_DE","og_type":"article","og_title":"\u00dcber - Bravermantest.com","og_description":"\u00dcber uns Beurteilung der richtigen integrativen Medizin f\u00fcr Sie. Entdecken Sie bei Braverman Test einen ganzheitlicheren Ansatz zur Heilung. Unsere personalisierten Gesundheitsl\u00f6sungen setzen an den Ursachen an, nicht nur an den Symptomen. Erleben Sie die Vorteile der integrativen Medizin noch heute. Einsichten aus unserer Bewertung. Wir bieten den Braverman-Test an, mit dem der Neurotransmitter-Spiegel im Gehirn gemessen wird. Es bewertet Ungleichgewichte im Dopamin-, Serotonin-, GABA- und Acetylcholinspiegel, um Faktoren zu identifizieren, die zu Stimmungsst\u00f6rungen, kognitiven Problemen und chronischen Schmerzen beitragen. Wie dies Ihnen auf Ihrem Weg zur Gesundheitsf\u00fcrsorge helfen wird. Wir legen gro\u00dfen Wert auf die Aufkl\u00e4rung und Bef\u00e4higung der Patienten, indem wir ihnen die Testergebnisse und Behandlungsm\u00f6glichkeiten erl\u00e4utern, damit sie sich aktiv beteiligen k\u00f6nnen. Suchen Sie Linderung bei chronischen Beschwerden oder optimieren Sie mit uns Ihre Gesundheit und Leistungsf\u00e4higkeit. F\u00fcrsorge f\u00fcr Ihre Gesundheit und Ihr Wohlbefinden. Wir sind bestrebt, ein warmes und unterst\u00fctzendes Umfeld zu schaffen, in dem Ihre Gesundheit und Ihr Wohlbefinden an erster Stelle stehen. Vertrauen Sie darauf, dass wir Ihnen zu optimaler Gesundheit und Vitalit\u00e4t verhelfen.","og_url":"https:\/\/bravermantest.com\/de\/ueber\/","og_site_name":"Bravermantest.com","article_publisher":"https:\/\/www.facebook.com\/Bravermantest","article_modified_time":"2024-07-14T08:24:12+00:00","og_image":[{"url":"https:\/\/bravermantest.com\/wp-content\/uploads\/2024\/04\/about_2-scaled-1-1024x767.jpg","type":"","width":"","height":""}],"twitter_card":"summary_large_image","twitter_site":"@bravermantest","twitter_misc":{"Gesch\u00e4tzte Lesezeit":"1\u00a0Minute"},"schema":{"@context":"https:\/\/schema.org","@graph":[{"@type":"WebPage","@id":"https:\/\/bravermantest.com\/de\/ueber\/","url":"https:\/\/bravermantest.com\/de\/ueber\/","name":"\u00dcber - Bravermantest.com","isPartOf":{"@id":"https:\/\/bravermantest.com\/de\/#website"},"primaryImageOfPage":{"@id":"https:\/\/bravermantest.com\/de\/ueber\/#primaryimage"},"image":{"@id":"https:\/\/bravermantest.com\/de\/ueber\/#primaryimage"},"thumbnailUrl":"https:\/\/bravermantest.com\/wp-content\/uploads\/2024\/04\/about_2-scaled-1-1024x767.jpg","datePublished":"2023-04-07T06:47:42+00:00","dateModified":"2024-07-14T08:24:12+00:00","breadcrumb":{"@id":"https:\/\/bravermantest.com\/de\/ueber\/#breadcrumb"},"inLanguage":"de","potentialAction":[{"@type":"ReadAction","target":["https:\/\/bravermantest.com\/de\/ueber\/"]}]},{"@type":"ImageObject","inLanguage":"de","@id":"https:\/\/bravermantest.com\/de\/ueber\/#primaryimage","url":"https:\/\/bravermantest.com\/wp-content\/uploads\/2024\/04\/about_2-scaled-1-1024x767.jpg","contentUrl":"https:\/\/bravermantest.com\/wp-content\/uploads\/2024\/04\/about_2-scaled-1-1024x767.jpg"},{"@type":"BreadcrumbList","@id":"https:\/\/bravermantest.com\/de\/ueber\/#breadcrumb","itemListElement":[{"@type":"ListItem","position":1,"name":"Home","item":"https:\/\/bravermantest.com\/de\/"},{"@type":"ListItem","position":2,"name":"\u00dcber"}]},{"@type":"WebSite","@id":"https:\/\/bravermantest.com\/de\/#website","url":"https:\/\/bravermantest.com\/de\/","name":"Bravermantest.com","description":"","publisher":{"@id":"https:\/\/bravermantest.com\/de\/#organization"},"potentialAction":[{"@type":"SearchAction","target":{"@type":"EntryPoint","urlTemplate":"https:\/\/bravermantest.com\/de\/?s={search_term_string}"},"query-input":{"@type":"PropertyValueSpecification","valueRequired":true,"valueName":"search_term_string"}}],"inLanguage":"de"},{"@type":"Organization","@id":"https:\/\/bravermantest.com\/de\/#organization","name":"Bravermantest.com","url":"https:\/\/bravermantest.com\/de\/","logo":{"@type":"ImageObject","inLanguage":"de","@id":"https:\/\/bravermantest.com\/de\/#\/schema\/logo\/image\/","url":"https:\/\/bravermantest.com\/wp-content\/uploads\/2023\/04\/logo.svg","contentUrl":"https:\/\/bravermantest.com\/wp-content\/uploads\/2023\/04\/logo.svg","width":540,"height":136,"caption":"Bravermantest.com"},"image":{"@id":"https:\/\/bravermantest.com\/de\/#\/schema\/logo\/image\/"},"sameAs":["https:\/\/www.facebook.com\/Bravermantest","https:\/\/x.com\/bravermantest","https:\/\/www.instagram.com\/bravermantestnet\/"]}]}},"_links":{"self":[{"href":"https:\/\/bravermantest.com\/de\/wp-json\/wp\/v2\/pages\/5213","targetHints":{"allow":["GET"]}}],"collection":[{"href":"https:\/\/bravermantest.com\/de\/wp-json\/wp\/v2\/pages"}],"about":[{"href":"https:\/\/bravermantest.com\/de\/wp-json\/wp\/v2\/types\/page"}],"author":[{"embeddable":true,"href":"https:\/\/bravermantest.com\/de\/wp-json\/wp\/v2\/users\/1"}],"replies":[{"embeddable":true,"href":"https:\/\/bravermantest.com\/de\/wp-json\/wp\/v2\/comments?post=5213"}],"version-history":[{"count":1,"href":"https:\/\/bravermantest.com\/de\/wp-json\/wp\/v2\/pages\/5213\/revisions"}],"predecessor-version":[{"id":5226,"href":"https:\/\/bravermantest.com\/de\/wp-json\/wp\/v2\/pages\/5213\/revisions\/5226"}],"wp:attachment":[{"href":"https:\/\/bravermantest.com\/de\/wp-json\/wp\/v2\/media?parent=5213"}],"curies":[{"name":"wp","href":"https:\/\/api.w.org\/{rel}","templated":true}]}}